{"id":10373,"date":"2022-08-15T06:45:50","date_gmt":"2022-08-15T06:45:50","guid":{"rendered":"https:\/\/newfuels.eu\/privatuma-politika-newfuels\/"},"modified":"2023-09-20T15:57:46","modified_gmt":"2023-09-20T15:57:46","slug":"privatuma-politika-newfuels","status":"publish","type":"page","link":"https:\/\/newfuels.eu\/lt\/privatuma-politika-newfuels\/","title":{"rendered":"Priv\u0101tuma politika"},"content":{"rendered":"\n<p>\u0160is pazi\u0146ojums par priv\u0101tumu tiek piem\u0113rots visiem personas datiem, kurus J\u016bs mums sniedzat, un visiem personas datiem, kurus m\u0113s par Jums v\u0101cam, kuri nor\u0101da, k\u0101 J\u016bs izmantojat m\u016bsu t\u012bmek\u013ca vietni vai mobilo lietotni (izmantojot s\u012bkdatnes).<\/p>\n\n\n\n<p><strong>1. J\u016aSU PERSONAS DATI\u2014 KAS TIE IR?<\/strong><\/p>\n\n\n\n<p>Personas dati ir saist\u012bti ar dz\u012bvu fizisku personu, kuru var skaidri identific\u0113t p\u0113c \u0161iem datiem; jo \u012bpa\u0161i J\u016bsu v\u0101rds, adrese, t\u0101lru\u0146a numurs, e-pasta adrese, kred\u012btkartes vai bankas kartes numurs, inform\u0101cija par \u012bpa\u0161u apr\u016bpi. Identifik\u0101cija var notikt, pamatojoties tikai uz inform\u0101ciju vai kopsakar\u0101 ar citu inform\u0101ciju, kas atrodas datu p\u0101rzi\u0146a r\u012bc\u012bb\u0101 vai kuru tas var\u0113tu ieg\u016bt.<\/p>\n\n\n\n<p><strong>2. K\u0100 M\u0112S V\u0100CAM PERSONAS DATUS?<\/strong><\/p>\n\n\n\n<p>M\u0113s J\u016bsu datus v\u0101cam m\u016bsu t\u012bmek\u013ca vietn\u0113, mobilaj\u0101 lietotn\u0113, izmantojot e-pastu, un pastu.<\/p>\n\n\n\n<p><strong>3. K\u0100P\u0112C M\u0112S V\u0100CAM PERSONAS DATUS? (DATU APSTR\u0100DES M\u0112R\u0136I)<\/strong><\/p>\n\n\n\n<p>a) Lai sniegtu pakalpojumus, ko J\u016bs esat ieg\u0101d\u0101jies no mums;<br>b) Lai atvieglotu tre\u0161o personu pakalpojumu vai produktu ieg\u0101di m\u016bsu t\u012bmek\u013ca vietn\u0113.<br>c) Lai sazin\u0101tos Jums<br>d) Lai s\u016bt\u012btu Jums informat\u012bvos izdevumus. \u0160im m\u0113r\u0137im m\u0113s v\u0101cam \u0161\u0101dus datus: v\u0101rds un kontaktinform\u0101cija, detaliz\u0113ta inform\u0101cija par J\u016bsu iepriek\u0161\u0113jiem mekl\u0113\u0161anas piepras\u012bjumiem.<br>e) Lai veidotu J\u016bsu v\u0113lm\u0113m piel\u0101gotus pied\u0101v\u0101jumus.<br>f) Lai sazin\u0101tos ar Jums, lai veiktu klientu apmierin\u0101t\u012bbas aptauju anal\u012btiskiem m\u0113r\u0137iem, kvalit\u0101tes uzlabo\u0161anai, pakalpojumu att\u012bst\u012bbai, t\u012bmek\u013ca vietnes \u0101trdarb\u012bbas uzlabo\u0161anai, m\u016bsu rekl\u0101mas kampa\u0146u sekm\u012bguma m\u0113r\u012b\u0161anai vai pakalpojumu piel\u0101go\u0161anai J\u016bsu vajadz\u012bb\u0101m.<br>g) Lai atbalst\u012btu administrat\u012bvu un juridisku m\u0113r\u0137u sasnieg\u0161anu, piem\u0113ram, kr\u0101pniec\u012bbas nov\u0113r\u0161anas uzraudz\u012bbas, dro\u0161uma un dro\u0161\u012bbas m\u0113r\u0137iem.<br>h) Lai iev\u0113rotu oblig\u0101tos noteikumus, ko paredz piem\u0113rojamie ties\u012bbu akti.<\/p>\n\n\n\n<p><strong>4. CIK ILGI M\u0112S GLAB\u0100JAM J\u016aSU PERSONAS DATUS?<\/strong><\/p>\n\n\n\n<p>M\u0113s apstr\u0101d\u0101jam J\u016bsu personas datus, cik ilgi tas nepiecie\u0161ams atbilst\u012bgi \u0161aj\u0101 pazi\u0146ojum\u0101 par priv\u0101tumu noteiktajiem m\u0113r\u0137iem, vai attiec\u012bgajos ties\u012bbu aktos paredz\u0113taj\u0101 termi\u0146\u0101.<br>M\u0113s J\u016bsu personas datus glab\u0101jam ne ilg\u0101k, k\u0101 tas pamatoti nepiecie\u0161ams: se\u0161us gadus p\u0113c tam, kad izpild\u012bts ar mums nosl\u0113gtais l\u012bgums, lai iev\u0113rotu piem\u0113rojamos datu saglab\u0101\u0161anas ties\u012bbu aktus.<br>Interneta mekl\u0113\u0161anas datus, kas attiecas uz Jums, m\u0113s glab\u0101jam \u010detras dienas.<br>Ja tiek s\u0101kts tiesas vai disciplin\u0101rs process, personas dati tiks glab\u0101ti l\u012bdz procesa pabeig\u0161anai, ieskaitot jebkura tiesisk\u0101s aizsardz\u012bbas l\u012bdzek\u013ca sp\u0113k\u0101 es\u012bbas ilgumu, un civilpras\u012bbas gad\u012bjum\u0101 \u0161ie dati tiks dz\u0113sti p\u0113c civiltiesisk\u0101 noilguma termi\u0146a beig\u0101m.<br>Ja datu apstr\u0101de ir balst\u012bta uz piekri\u0161anu, personas dati tiks apstr\u0101d\u0101ti l\u012bdz piekri\u0161anas atsauk\u0161anai.<\/p>\n\n\n\n<p><strong>5. TURPM\u0100KA PERSONAS DATU APSTR\u0100DE<\/strong><\/p>\n\n\n\n<p>Ja m\u0113s v\u0113lamies izmantot J\u016bsu personas datus jaunam m\u0113r\u0137im, ko neaptver \u0161is pazi\u0146ojums par priv\u0101tumu, m\u0113s pirms apstr\u0101des Jums sniegsim jaunu pazi\u0146ojumu, kur\u0101 b\u016bs izskaidroti visi ar jauno apstr\u0101di saist\u012btie nosac\u012bjumi. Ja nepiecie\u0161ams, m\u0113s pirms jauno datu apstr\u0101des darb\u012bbu s\u0101k\u0161anas l\u016bgsim J\u016bsu piekri\u0161anu.<\/p>\n\n\n\n<p><strong>6. J\u016aSU TIES\u012aBAS UZ PERSONAS DATU AIZSARDZ\u012aBU<\/strong><\/p>\n\n\n\n<p>Saska\u0146\u0101 ar piem\u0113rojamajiem datu aizsardz\u012bbas ties\u012bbu aktiem Jums var b\u016bt ties\u012bbas:<br>piepras\u012bt piek\u013cuvi J\u016bsu personas datiem;<br>piepras\u012bt J\u016bsu personas datu labo\u0161anu;<br>piepras\u012bt J\u016bsu personas datu dz\u0113\u0161anu;<br>piepras\u012bt J\u016bsu personas datu apstr\u0101des ierobe\u017eo\u0161anu;<br>piepras\u012bt datu p\u0101rnesam\u012bbu;<br>iebilst pret J\u016bsu personas datu apstr\u0101di (ieskaitot iebildumus pret profil\u0113\u0161anu, k\u0101 ar\u012b citas ar automatiz\u0113tu l\u0113mumu pie\u0146em\u0161anu saist\u012btas ties\u012bbas);<br>atsaukt piekri\u0161anu un iesniegt s\u016bdz\u012bbu uzraudz\u012bbas iest\u0101dei.<\/p>\n\n\n\n<p><strong>6.1. Ties\u012bbas uz piek\u013cuvi<\/strong><\/p>\n\n\n\n<p>Jums var b\u016bt ties\u012bbas sa\u0146emt no mums apstiprin\u0101jumu par to, vai tiek apstr\u0101d\u0101ti personas dati, kas attiecas uz Jums, un, ja tas tiek dar\u012bts\u2014 piepras\u012bt piek\u013cuvi personas datiem.<\/p>\n\n\n\n<p><strong>6.2. Ties\u012bbas uz datu preciz\u0113\u0161anu<\/strong><\/p>\n\n\n\n<p>Jums var b\u016bt ties\u012bbas pan\u0101kt, lai m\u0113s labojam neprec\u012bzus personas datus, kas attiecas uz Jums. Atkar\u012bb\u0101 no apstr\u0101des m\u0113r\u0137iem Jums var b\u016bt ties\u012bbas uz nepiln\u012bgu personas datu aizpild\u012b\u0161anu, tostarp iesniedzot papildu pazi\u0146ojumu.<\/p>\n\n\n\n<p><strong>6.3. Ties\u012bbas uz dz\u0113\u0161anu (ties\u012bbas b\u016bt aizmirstam)<\/strong><\/p>\n\n\n\n<p>Noteiktos gad\u012bjumos Jums var b\u016bt ties\u012bbas piepras\u012bt, lai m\u0113s dz\u0113\u0161am J\u016bsu personas datus, un mums var b\u016bt pien\u0101kums \u0161\u0101dus personas datus dz\u0113st. \u0160\u0101dos gad\u012bjumos m\u0113s nevar\u0113sim turpin\u0101t Jums sniegt m\u016bsu pakalpojumus.<\/p>\n\n\n\n<p><strong>6.4. Ties\u012bbas ierobe\u017eot apstr\u0101di<\/strong><\/p>\n\n\n\n<p>Noteiktos gad\u012bjumos Jums var b\u016bt ties\u012bbas no mums piepras\u012bt J\u016bsu personas datu apstr\u0101des ierobe\u017eo\u0161anu. \u0160\u0101d\u0101 gad\u012bjum\u0101 attiec\u012bgie dati tiks mar\u0137\u0113ti, un m\u0113s tos var\u0113sim apstr\u0101d\u0101t vien\u012bgi noteiktiem m\u0113r\u0137iem.<\/p>\n\n\n\n<p><strong>6.5. Ties\u012bbas iebilst un ties\u012bbas, kas ir saist\u012btas ar automatiz\u0113tu l\u0113mumu pie\u0146em\u0161anu<\/strong><\/p>\n\n\n\n<p>Noteiktos gad\u012bjumos Jums var b\u016bt ties\u012bbas jebkur\u0101 laik\u0101 iebilst, pamatojoties uz J\u016bsu konkr\u0113to situ\u0101ciju, pret to, ka m\u0113s apstr\u0101d\u0101jam J\u016bsu personas datus, ieskaitot profil\u0113\u0161anu, un mums var b\u016bt pien\u0101kums vairs neapstr\u0101d\u0101t J\u016bsu personas datus.<br>Turkl\u0101t, ja J\u016bsu personas dati tiek apstr\u0101d\u0101ti, pamatojoties uz m\u016bsu tiesiskaj\u0101m interes\u0113m, Jums ir ties\u012bbas jebkur\u0101 laik\u0101 iebilst pret J\u016bsu personas datu apstr\u0101di \u0161\u0101dam m\u0113r\u0137im.<\/p>\n\n\n\n<p><strong>6.6. Ties\u012bbas uz datu p\u0101rnesam\u012bbu<\/strong><\/p>\n\n\n\n<p>Noteiktos gad\u012bjumos Jums var b\u016bt ties\u012bbas sa\u0146emt J\u016bsu personas datus, kurus esat mums sniedzis, struktur\u0113t\u0101, pla\u0161i izmantot\u0101 un ma\u0161\u012bnlas\u0101m\u0101 form\u0101t\u0101 (t.i., digit\u0101l\u0101 form\u0101), un Jums var b\u016bt ties\u012bbas piepras\u012bt, lai m\u0113s \u0161\u0101dus datus bez kav\u0113\u0161an\u0101s nos\u016bt\u0101m citam subjektam, ja \u0161\u0101da nos\u016bt\u012b\u0161ana ir tehniski iesp\u0113jama.<\/p>\n\n\n\n<p><strong>6.7. Ties\u012bbas atsaukt piekri\u0161anu<\/strong><\/p>\n\n\n\n<p>Ja J\u016bsu personas datu apstr\u0101de ir balst\u012bta uz J\u016bsu piekri\u0161anu, J\u016bs \u0161o piekri\u0161anu varat jebkur\u0101 laik\u0101, nenor\u0101dot mums atsauk\u0161anas iemeslu, Piekri\u0161anas atsauk\u0161ana neietekm\u0113 t\u0101das apstr\u0101des tiesiskumu, kas notikusi, balstoties uz piekri\u0161anu, pirms t\u0101s atsauk\u0161anas.<br>Ja J\u016bs atsaucat savu piekri\u0161anu tam, ka m\u0113s apstr\u0101d\u0101jam J\u016bsu personas datus, m\u0113s, iesp\u0113jams, nevar\u0113sim piln\u012bb\u0101 vai da\u013c\u0113ji sniegt J\u016bsu piepras\u012btos pakalpojumus.<\/p>\n\n\n\n<p><strong>6.8. Ties\u012bbas iesniegt s\u016bdz\u012bbu uzraudz\u012bbas iest\u0101dei<\/strong><\/p>\n\n\n\n<p>Ja J\u016bs uzskat\u0101t, ka J\u016bsu ties\u012bbas personas datu jom\u0101 ir tiku\u0161as p\u0101rk\u0101ptas, J\u016bs varat ar\u012b sazin\u0101ties un iesniegt s\u016bdz\u012bbu viet\u0113j\u0101 datu aizsardz\u012bbas iest\u0101d\u0113, jo \u012bpa\u0161i dal\u012bbvalst\u012b, kur\u0101 ir J\u016bsu past\u0101v\u012bg\u0101 dz\u012bvesvieta, darba vieta vai iesp\u0113jam\u0101 aizsk\u0101ruma izdar\u012b\u0161anas vieta.<\/p>\n\n\n\n<p><strong>7. K\u0100 M\u0112S AIZSARG\u0100JAM J\u016aSU PERSONAS DATUS?<\/strong><\/p>\n\n\n\n<p>NewFuels RSEZ iev\u0113ro piem\u0113rojamo datu aizsardz\u012bbas ties\u012bbu aktu noteikt\u0101s saist\u012bbas:<br>atjauninot personas datus;<br>tos glab\u0101jot un izn\u012bcinot dro\u0161\u0101 veid\u0101;<br>nev\u0101cot vai neglab\u0101jot p\u0101rm\u0113r\u012bgu daudzumu datu;<br>aizsarg\u0101jot personas datus pret nozaud\u0113\u0161anu, nepareizu lieto\u0161anu, neat\u013cautu piek\u013cuvi un izpau\u0161anu, k\u0101 ar\u012b nodro\u0161inot pien\u0101c\u012bgus tehniskus pas\u0101kumus personas datu aizsardz\u012bbai.<br>M\u0113s veicam attiec\u012bgus tehniskus un organizatoriskus pas\u0101kumus, lai nodro\u0161in\u0101tu J\u016bsu personas datu aizsardz\u012bbu pret nejau\u0161u vai prettiesisku izn\u012bcin\u0101\u0161anu vai nejau\u0161u nozaud\u0113\u0161anu, sagroz\u012b\u0161anu, neat\u013cautu izpau\u0161anu vai piek\u013cuvi, jo \u012bpa\u0161i, bet ne tikai\u2014 ja apstr\u0101de ietver datu nos\u016bt\u012b\u0161anu pa t\u012bklu, k\u0101 ar\u012b pret cit\u0101m prettiesisk\u0101m apstr\u0101des form\u0101m.<\/p>\n\n\n\n<p><strong>8. J\u016aSU PERSONAS DATU KOPLIETO\u0160ANA<\/strong><\/p>\n\n\n\n<p>NewFuels RSEZ savas darb\u012bbas gait\u0101 var izmantot da\u017e\u0101du datu apstr\u0101d\u0101t\u0101ju un \u0101rpakalpojumu sniedz\u0113ju pakalpojumus, lai r\u012bkotos ar J\u016bsu personas datiem un tos apstr\u0101d\u0101tu konkr\u0113tiem m\u0113r\u0137iem NewFuels RSEZ v\u0101rd\u0101 un saska\u0146\u0101 ar t\u0101 nor\u0101d\u012bjumiem.<br>Datu p\u0101rzi\u0146i apstr\u0101d\u0101 personas datus ne ilg\u0101k k\u0101 l\u012bdz to nosl\u0113gt\u0101 datu apstr\u0101des l\u012bguma der\u012bguma un sp\u0113k\u0101 es\u012bbas beig\u0101m vai tik ilgi, cik tiem ar piem\u0113rojamajiem datu uzglab\u0101\u0161anas ties\u012bbu aktiem ir noteikts patur\u0113t J\u016bsu datus.<br>M\u0113s varam izpaust J\u016bsu personas datus \u0161\u0101d\u0101m tre\u0161o personu kategorij\u0101m (sa\u0146\u0113m\u0113jiem) turpm\u0101k aprakst\u012btajiem m\u0113r\u0137iem:<br>tre\u0161o pu\u0161u pakalpojumu pied\u0101v\u0101t\u0101jiem, kuru pakalpojumus J\u016bs ieg\u0101d\u0101jaties m\u016bsu t\u012bmek\u013ca vietn\u0113, m\u016bsu lietotn\u0113;<br>kred\u012btkar\u0161u uz\u0146\u0113mumiem, maks\u0101jumu pakalpojumu pied\u0101v\u0101t\u0101jiem, kuri apstr\u0101d\u0101 maks\u0101jumu piepras\u012bjumus, kurus veicat m\u016bsu t\u012bmek\u013ca vietn\u0113 vai m\u016bsu lietotn\u0113;<br>tre\u0161aj\u0101m person\u0101m, kuras m\u016bsu v\u0101rd\u0101 veic klientu aptaujas;<br>citiem tre\u0161o pu\u0161u pakalpojumu pied\u0101v\u0101t\u0101jiem, kurus m\u0113s esam iesaist\u012bju\u0161i datu apstr\u0101des veik\u0161an\u0101;<br>tre\u0161aj\u0101m person\u0101m, piem\u0113ram, juridiskajiem birojiem, ties\u0101m, cit\u0101m strukt\u016br\u0101m vai pakalpojumu pied\u0101v\u0101t\u0101jiem, lai var\u0113tu nodro\u0161in\u0101t jebk\u0101da ar jums nosl\u0113gta l\u012bguma izpildi vai piem\u0113ro\u0161anu;<br>valsts iest\u0101d\u0113m un izpildes strukt\u016br\u0101m, piem\u0113ram, policijai un regul\u0113\u0161anas iest\u0101d\u0113m, p\u0113c to piepras\u012bjuma un tikai saska\u0146\u0101 ar piem\u0113rojamajiem ties\u012bbu aktiem vai lai aizsarg\u0101tu m\u016bsu ties\u012bbas vai m\u016bsu klientu, person\u0101la un akt\u012bvu dro\u0161\u012bbu.<\/p>\n\n\n\n<p><strong>9. J\u016aSU PERSONAS DATU NOS\u016aT\u012a\u0160ANA UZ TRE\u0160AJ\u0100M VALST\u012aM<\/strong><\/p>\n\n\n\n<p>J\u016bsu personas datus var b\u016bt nepiecie\u0161ams nos\u016bt\u012bt \u0101rpus Eiropas Ekonomisk\u0101s zonas, lai sniegtu Jums J\u016bsu piepras\u012bto pakalpojumu, un J\u016bsu personas datiem var piek\u013c\u016bt datu apstr\u0101d\u0101t\u0101ji un pakalpojumu pied\u0101v\u0101t\u0101ji no valst\u012bm, kas nenodro\u0161ina t\u0101du pa\u0161u datu aizsardz\u012bbas l\u012bmeni k\u0101 Eiropas Ekonomiskaj\u0101 zon\u0101. T\u0101d\u0113\u013c NewFuels RSEZ, ja nepiecie\u0161ams, veiks visus pas\u0101kumus, kuri attiec\u012bb\u0101 uz J\u016bsu personas datu sa\u0146\u0113m\u0113jiem ir nepiecie\u0161ami, lai nodro\u0161in\u0101tu piem\u0113rojamajos datu aizsardz\u012bbas ties\u012bbu aktos defin\u0113to pien\u0101c\u012bgo aizsardz\u012bbas l\u012bmeni, jo \u012bpa\u0161i piem\u0113rojot Eiropas Komisijas public\u0113t\u0101s l\u012bguma standartklauzulas vai Eiropas Komisijas l\u0113mumu, ar kuru noteikts, ka valsts, kur\u0101 atrodas nos\u016bt\u012bto datu sa\u0146\u0113m\u0113js, nodro\u0161ina pien\u0101c\u012bgu datu aizsardz\u012bbas l\u012bmeni.<br>Ja attiec\u012bb\u0101 uz datu nos\u016bt\u012b\u0161anu uz \u0101rvalst\u012bm nevar\u0113s nodro\u0161in\u0101t pien\u0101c\u012bgu personas datu aizsardz\u012bbas l\u012bmeni, m\u0113s l\u016bgsim J\u016bsu nep\u0101rprotamu piekri\u0161anu \u0161\u0101dai datu nos\u016bt\u012b\u0161anai uz \u0101rvalst\u012bm. L\u016bdzu, \u0146emiet v\u0113r\u0101, ka \u0161\u0101da datu nos\u016bt\u012b\u0161ana var b\u016bt saist\u012bta ar zin\u0101miem riskiem, jo \u012bpa\u0161i risku, ka datu sa\u0146\u0113m\u0113ja valst\u012b tre\u0161\u0101s personas bez at\u013caujas var nepamatoti piek\u013c\u016bt \u0161iem datiem un J\u016bs, iesp\u0113jams, nevar\u0113siet izmantot datu subjekta ties\u012bbas un\/vai J\u016bsu ties\u012bbas iebilst pret darb\u012bb\u0101m, kas var kait\u0113t J\u016bsu personas datiem un J\u016bsu ties\u012bb\u0101m uz priv\u0101tumu.<\/p>\n\n\n\n<p><strong>10. S\u012aKDATNES<\/strong><\/p>\n\n\n\n<p>Kad J\u016bs izmantojat m\u016bsu t\u012bmek\u013ca vietni, J\u016bsu interneta p\u0101rl\u016bkprogramma J\u016bsu ier\u012bc\u0113 saglab\u0101 s\u012bkdatnes. L\u016bdzu, \u0146emiet v\u0113r\u0101, ka, ja J\u016bs atsp\u0113josiet s\u012bkdatnes, m\u016bsu t\u012bmek\u013ca vietne J\u016bsu p\u0101rl\u016bkprogramm\u0101 var\u0113tu nedarboties pilnv\u0113rt\u012bgi. M\u016bsu m\u0113r\u0137is ir nodro\u0161in\u0101t, ka m\u016bsu t\u012bmek\u013ca vietne sniedz t\u0101s apmekl\u0113t\u0101jiem mekl\u0113to un nodro\u0161ina tiem visaktu\u0101l\u0101kos m\u0101rketinga pazi\u0146ojumus. Lai sasniegtu \u0161o m\u0113r\u0137i, m\u0113s varam uzglab\u0101t un izmantot J\u016bsu datus, veidojot lieto\u0161anas profilus tirgus izp\u0113tei, m\u016bsu t\u012bmek\u013ca vietnes un m\u016bsu pakalpojumu uzlabo\u0161anai, pakalpojumu att\u012bst\u012bbai, t\u012bmek\u013ca vietnes \u0101trdarb\u012bbas uzlabo\u0161anai, m\u016bsu rekl\u0101mas kampa\u0146u sekm\u012bguma m\u0113r\u012b\u0161anai vai pakalpojumu piel\u0101go\u0161anai J\u016bsu vajadz\u012bb\u0101m.<\/p>\n\n\n\n<p><strong>11. J\u016aSU PERSONAS DATU IZMANTO\u0160ANA M\u0100RKETINGA M\u0112R\u0136IEM<\/strong><\/p>\n\n\n\n<p>M\u0113s s\u016bt\u0101m Jums informat\u012bvus pazi\u0146ojumus par izdev\u012bgiem pied\u0101v\u0101jumiem un \u012bpa\u0161iem pied\u0101v\u0101jumiem, ja J\u016bs esat l\u016bdzis mums \u0161\u0101di sazin\u0101ties ar Jums, piesakoties \u0161\u0101diem pakalpojumiem, vai ja J\u016bs esat mums sniedzis savu kontaktinform\u0101ciju. M\u0113s ar Jums elektroniski nesazin\u0101simies m\u0101rketinga m\u0113r\u0137iem, iz\u0146emot, ja J\u016bs tam tie\u0161i piekr\u012btat, atz\u012bm\u0113jot attiec\u012bg\u0101s izv\u0113les r\u016bti\u0146as datu veidlap\u0101, kur\u0101 J\u016bs ievad\u0101t savu kontaktinform\u0101ciju.<\/p>\n\n\n\n<p><strong>12. IZMAI\u0145AS M\u016aSU PAZI\u0145OJUM\u0100 PAR PRIV\u0100TUMU<\/strong><\/p>\n\n\n\n<p>Ja m\u0113s veiksim izmai\u0146as \u0161aj\u0101 pazi\u0146ojum\u0101 par priv\u0101tumu, m\u0113s t\u0101 atjaunin\u0101to redakciju public\u0113sim m\u016bsu t\u012bmek\u013ca vietn\u0113 https:\/\/newfuels.eu.<\/p>\n\n\n\n<p><strong>13. SAITES UZ CIT\u0100M T\u012aMEK\u013bA VIETN\u0112M<\/strong><\/p>\n\n\n\n<p>J\u016bsu \u0113rt\u012bbai \u0161aj\u0101 vietn\u0113 ir saites uz cit\u0101m t\u012bmek\u013ca lap\u0101m, kur\u0101s var iev\u0113rot at\u0161\u0137ir\u012bgas priv\u0101tuma politikas.<br>NewFuels RSEZ neatbild par saturu vai citiem aspektiem, kas saist\u012bti ar vietn\u0113m, kas pieder tre\u0161\u0101m person\u0101m vai kuras t\u0101s p\u0101rvalda.<\/p>\n\n\n\n<p><strong>14. TRE\u0160O PERSONU ATBILD\u012aBA<\/strong><\/p>\n\n\n\n<p>NewFuels RSEZ neatbild par to, k\u0101 tre\u0161\u0101s personas izmanto J\u016bsu datus, ja \u0161\u0101da izmanto\u0161ana t\u0101m ir at\u013cauta sav\u0101m vajadz\u012bb\u0101m. \u0160\u0101dos gad\u012bjumos min\u0113t\u0101s tre\u0161\u0101s personas uzskata ar\u012b par datu p\u0101rzi\u0146iem; pla\u0161\u0101ku inform\u0101ciju varat ieg\u016bt to priv\u0101tuma politikas dokumentos.<\/p>\n\n\n\n<p><em>\u0160\u012b priv\u0101tuma politika ir sp\u0113k\u0101 no 25.05.2018.<\/em><\/p>\n","protected":false},"excerpt":{"rendered":"<p>\u0160is pazi\u0146ojums par priv\u0101tumu tiek piem\u0113rots visiem personas datiem, kurus J\u016bs mums sniedzat, un visiem personas datiem, kurus&#8230;<\/p>\n","protected":false},"author":2,"featured_media":0,"parent":0,"menu_order":0,"comment_status":"closed","ping_status":"closed","template":"","meta":{"_acf_changed":false,"inline_featured_image":false,"pgc_sgb_lightbox_settings":"","footnotes":""},"class_list":["post-10373","page","type-page","status-publish","hentry"],"acf":[],"_links":{"self":[{"href":"https:\/\/newfuels.eu\/lt\/wp-json\/wp\/v2\/pages\/10373","targetHints":{"allow":["GET"]}}],"collection":[{"href":"https:\/\/newfuels.eu\/lt\/wp-json\/wp\/v2\/pages"}],"about":[{"href":"https:\/\/newfuels.eu\/lt\/wp-json\/wp\/v2\/types\/page"}],"author":[{"embeddable":true,"href":"https:\/\/newfuels.eu\/lt\/wp-json\/wp\/v2\/users\/2"}],"replies":[{"embeddable":true,"href":"https:\/\/newfuels.eu\/lt\/wp-json\/wp\/v2\/comments?post=10373"}],"version-history":[{"count":3,"href":"https:\/\/newfuels.eu\/lt\/wp-json\/wp\/v2\/pages\/10373\/revisions"}],"predecessor-version":[{"id":15058,"href":"https:\/\/newfuels.eu\/lt\/wp-json\/wp\/v2\/pages\/10373\/revisions\/15058"}],"wp:attachment":[{"href":"https:\/\/newfuels.eu\/lt\/wp-json\/wp\/v2\/media?parent=10373"}],"curies":[{"name":"wp","href":"https:\/\/api.w.org\/{rel}","templated":true}]}}