{"id":10417,"date":"2022-08-15T07:35:44","date_gmt":"2022-08-15T07:35:44","guid":{"rendered":"https:\/\/newfuels.eu\/sikfaili-chp\/"},"modified":"2022-08-15T07:35:44","modified_gmt":"2022-08-15T07:35:44","slug":"sikfaili-chp","status":"publish","type":"page","link":"https:\/\/newfuels.eu\/lt\/sikfaili-chp\/","title":{"rendered":"S\u012bkfaili"},"content":{"rendered":"\n<p>1. Ievads<\/p>\n\n\n\n<p>1.1. Kas ir \u201cs\u012bkfails\u201d?<\/p>\n\n\n\n<p>\u201cS\u012bkfails\u201d ir neliela datne, kas tiek izmantota k\u0101 unik\u0101ls identifikators. Katrs s\u012bkfails ir unik\u0101li saist\u012bts ar j\u016bsu t\u012bmek\u013ca p\u0101rl\u016bkprogrammu. S\u012bkfail\u0101 ir iek\u013cauta anon\u012bma inform\u0101cija, un j\u016bsu dators vai mobilais t\u0101lrunis to sa\u0146em no apmekl\u0113t\u0101s t\u012bmek\u013ca vietnes servera. S\u012bkfails tiek saglab\u0101ts j\u016bsu ier\u012bc\u0113, un tikai attiec\u012bgais serveris var izg\u016bt un nolas\u012bt s\u012bkfaila saturu. Jums p\u0101rl\u016bkojot t\u012bmek\u013ca vietni, s\u012bkfails ar atjaunin\u0101tiem datiem var tikt s\u016bt\u012bts atpaka\u013c t\u012bmek\u013ca vietnes serveriem.<\/p>\n\n\n\n<p>S\u012bkfailus var ievietot j\u016bsu apmekl\u0113t\u0101 t\u012bmek\u013ca vietne (\u201cpirmo pu\u0161u s\u012bkfaili\u201d) vai ar\u012b organiz\u0101cija, kas nav apmekl\u0113t\u0101s t\u012bmek\u013ca vietnes \u012bpa\u0161niece (\u201ctre\u0161o pu\u0161u s\u012bkfaili\u201d). Piem\u0113ram, s\u012bkfailus var saglab\u0101t citas t\u012bmek\u013ca vietnes, kuru inform\u0101cija tiek izmantota apskat\u012btaj\u0101 lap\u0101, vai ar\u012b tre\u0161o pu\u0161u anal\u012btikas pakalpojumu uz\u0146\u0113mums. J\u016bsu apmekl\u0113taj\u0101 t\u012bmek\u013ca vietn\u0113 var b\u016bt ar\u012b citu t\u012bmek\u013ca viet\u0146u iegults saturs, un \u0161\u012bs vietnes ar\u012b var saglab\u0101t savus s\u012bkfailus. T\u012bmek\u013ca vietnes var izmantot tre\u0161o pu\u0161u rekl\u0101mas t\u012bklus, lai att\u0113lotu piel\u0101gotas rekl\u0101mas. \u0160ie s\u012bkfaili var tikt izmantoti, lai izsekotu j\u016bsu p\u0101rl\u016bko\u0161anas paradumus ar\u012b cit\u0101s vietn\u0113s.<\/p>\n\n\n\n<p>Ir divu veidu s\u012bkfaili.<\/p>\n\n\n\n<p>Sesiju s\u012bkfaili<br>Sesiju s\u012bkfaili tiek saglab\u0101ti tikai p\u0101rl\u016bko\u0161anas sesijas laik\u0101 un tiek dz\u0113sti no ier\u012bces p\u0113c p\u0101rl\u016bkprogrammas aizv\u0113r\u0161anas.<\/p>\n\n\n\n<p>Past\u0101v\u012bgie s\u012bkfaili<br>\u0160ie s\u012bkfaili tiek saglab\u0101ti dator\u0101 noteiktu laika periodu (parasti gadu vai ilg\u0101k) un netiek dz\u0113sti p\u0113c p\u0101rl\u016bkprogrammas aizv\u0113r\u0161anas. Past\u0101v\u012bgie s\u012bkfaili tiek izmantoti, lai identific\u0113tu j\u016bs vair\u0101k\u0101s p\u0101rl\u016bko\u0161anas sesij\u0101s, piem\u0113ram, lai saglab\u0101tu j\u016bsu v\u0113lamos iestat\u012bjumus un izmantotu tos n\u0101kamaj\u0101 vietnes apmekl\u0113juma reiz\u0113.<\/p>\n\n\n\n<p>2. K\u0101 Energy Resources CHP izmanto s\u012bkfailus?<\/p>\n\n\n\n<p>S\u012bkfaili tiek izmantoti m\u016bsu t\u012bmek\u013ca vietn\u0113&nbsp;<a href=\"https:\/\/newfuels.eu\/\">https:\/\/newfuels.eu<\/a>. M\u0113s s\u012bkfailus izmantojam lietot\u0101ja pieredzes uzlabo\u0161anai, \u013caujot t\u012bmek\u013ca vietnei j\u016bs identific\u0113t apmekl\u0113juma laik\u0101 (izmantojot \u201csesijas s\u012bkfailus\u201d) un atk\u0101rtotu apmekl\u0113jumu gad\u012bjum\u0101 (izmantojot \u201cpast\u0101v\u012bgos s\u012bkfailus\u201d). M\u016bsu izmantotie s\u012bkfaili:<\/p>\n\n\n\n<p>(a) var b\u016bt oblig\u0101ti nepiecie\u0161ami, lai j\u016bs var\u0113tu izmantot m\u016bsu vietni vai lai m\u0113s var\u0113tu nodro\u0161in\u0101t noteiktu pamata funkcionalit\u0101ti, vai<br>(b) uzlabo m\u016bsu vietnes funkcionalit\u0101ti, piem\u0113ram, saglab\u0101jot j\u016bsu v\u0113lamos iestat\u012bjumus; tie re\u0123istr\u0113 j\u016bsu izdar\u012bto izv\u0113li (piem\u0113ram, lietot\u0101jv\u0101rdu vai valodas izv\u0113li) un \u013cauj mums nodro\u0161in\u0101t daudz person\u012bg\u0101ku pieredzi, vai<br>(c) pal\u012bdz uzlabot t\u012bmek\u013ca vietnes veiktsp\u0113ju, lai varam nodro\u0161in\u0101t lab\u0101ku lietot\u0101ja pieredzi.<br>\u0160o s\u012bkfailu sniegt\u0101 inform\u0101cija ir anon\u012bma un pal\u012bdz mums izprast, k\u0101 apmekl\u0113t\u0101ji izmanto t\u012bmek\u013ca vietnes, lai m\u0113s var\u0113tu uzlabot m\u016bsu satura pasnieg\u0161anas veidu. \u0160os pakalpojumus parasti sniedz neatkar\u012bgi anal\u012btikas un p\u0113t\u012bjumu uz\u0146\u0113mumi, t\u0101p\u0113c tie var b\u016bt tre\u0161o pu\u0161u s\u012bkfaili.<\/p>\n\n\n\n<p>Ja m\u0113s neizmantotu s\u012bkfailus, katru reizi, kad j\u016bs atv\u0113rtu jaunu t\u012bmek\u013ca vietnes lapu, tiktu uzskat\u012bts, ka esat jauns apmekl\u0113t\u0101js, piem\u0113ram, ien\u0101kot sav\u0101 kont\u0101 un p\u0113c tam p\u0101rejot uz citu lapu, vietne j\u016bs neatpaz\u012btu un neb\u016btu iesp\u0113jams saglab\u0101t pieteik\u0161anos kont\u0101. M\u0113s ar\u012b izmantojam s\u012bkfailus, lai \u013cautu rekl\u0101mdev\u0113jiem m\u0113r\u0137tiec\u012bgi izvietot savas rekl\u0101mas un m\u0101rketinga zi\u0146ojumus, pamatojoties, piem\u0113ram, uz j\u016bsu atra\u0161an\u0101s vietu un\/vai j\u016bsu p\u0101rl\u016bko\u0161anas paradumiem.<\/p>\n\n\n\n<p>Lai garant\u0113tu t\u012bmek\u013ca vietnes efektivit\u0101ti un veidotu vietni lietot\u0101jiem draudz\u012bgu, mums ir j\u0101izmanto visu \u0161o tr\u012bs veidu s\u012bkfaili (oblig\u0101ti nepiecie\u0161amie, funkcionalit\u0101tes un veiktsp\u0113jas s\u012bkfaili). T\u0101p\u0113c \u0161os s\u012bkfailus nevar atsevi\u0161\u0137i atsp\u0113jot, un, turpinot izmantot m\u016bsu t\u012bmek\u013ca vietni un m\u016bsu tie\u0161saistes pakalpojumus, j\u016bs piekr\u012btat tam, ka m\u0113s j\u016bsu ier\u012bc\u0113 varam izvietot \u0161os s\u012bkfailus.<\/p>\n\n\n\n<p>3. K\u0101 r\u012bkoties, ja nev\u0113laties, lai tiktu saglab\u0101ti s\u012bkfaili<\/p>\n\n\n\n<p>Piekri\u0161ana s\u012bkfailu izvieto\u0161anai ir br\u012bvpr\u0101t\u012bga. J\u016bs varat blo\u0137\u0113t da\u017eu vai visu s\u012bkfailu izmanto\u0161anu un dz\u0113st jau eso\u0161os s\u012bkfailus. Pilnu inform\u0101ciju par to, k\u0101 p\u0101rvald\u012bt un\/vai atteikties no s\u012bkfailu izmanto\u0161anas da\u017e\u0101d\u0101s p\u0101rl\u016bkprogramm\u0101s, var apskat\u012bt vietn\u0113s&nbsp;<a href=\"https:\/\/www.aboutcookies.org\/\" target=\"_blank\" rel=\"noopener\">www.aboutcookies.org<\/a>, vai<\/p>\n\n\n\n<p><a href=\"https:\/\/support.microsoft.com\/en-us\/help\/17442\/windows-internet-explorer-deletemanage-cookies\" target=\"_blank\" rel=\"noopener\">https:\/\/support.microsoft.com\/en-us\/help\/17442\/windows-internet-explorer-deletemanage-cookies<\/a>&nbsp;(p\u0101rl\u016bkprogrammai Internet Explorer),<\/p>\n\n\n\n<p><a href=\"http:\/\/support.mozilla.org\/en-US\/kb\/enable-and-disable-cookies-website-preferences\" target=\"_blank\" rel=\"noopener\">http:\/\/support.mozilla.org\/en-US\/kb\/enable-and-disable-cookies-website-preferences<\/a>&nbsp;(p\u0101rl\u016bkprogrammai Mozilla\/Firefox),<\/p>\n\n\n\n<p><a href=\"https:\/\/support.google.com\/chromeos\/answer\/95647?hl=en\" target=\"_blank\" rel=\"noopener\">https:\/\/support.google.com\/chromeos\/answer\/95647?hl=en<\/a>&nbsp;(p\u0101rl\u016bkprogrammai Chrome),<\/p>\n\n\n\n<p><a href=\"http:\/\/www.opera.com\/help\/tutorials\/security\/privacy\/\" target=\"_blank\" rel=\"noopener\">http:\/\/www.opera.com\/help\/tutorials\/security\/privacy\/<\/a>&nbsp;(p\u0101rl\u016bkprogrammai Opera),<\/p>\n\n\n\n<p><a href=\"https:\/\/support.apple.com\/kb\/PH21411\" target=\"_blank\" rel=\"noopener\">https:\/\/support.apple.com\/kb\/PH21411<\/a>&nbsp;(p\u0101rl\u016bkprogrammai Safari).<\/p>\n\n\n\n<p>4. Energy Resources CHP partneri<\/p>\n\n\n\n<p>Izmantojot m\u016bsu partneru t\u012bmek\u013ca vietnes, s\u012bkfailu var iestat\u012bt \u0161\u012bs apmekl\u0113t\u0101s vietnes. M\u0113s nenodro\u0161in\u0101t \u0161\u012bs vietn\u0113s, t\u0101d\u0113\u013c nevaram kontrol\u0113t \u0161o s\u012bkfailu izplat\u012b\u0161anu. Pla\u0161\u0101ku inform\u0101ciju par \u0161iem s\u012bkfailiem varat skat\u012bt attiec\u012bg\u0101s tre\u0161\u0101s puses t\u012bmek\u013ca vietn\u0113.<\/p>\n\n\n\n<p>5. \u0160o noteikumu par s\u012bkfailu lieto\u0161anu izmai\u0146as<\/p>\n\n\n\n<p>M\u0113s regul\u0101ri p\u0101rskat\u0101m \u0161os noteikumus par s\u012bkfailu lieto\u0161anu un saglab\u0101jam ties\u012bbas p\u0113c m\u016bsu vienpus\u0113jiem ieskatiem jebkur\u0101 laik\u0101 main\u012bt vai atsaukt \u0161os noteikumus par s\u012bkfailu izmanto\u0161anu. It \u012bpa\u0161i, \u0161ie noteikumi par s\u012bkfailu izmanto\u0161anu var tikt main\u012bti likumdo\u0161anas un\/vai kompetento varas iest\u0101\u017eu darba prakses izmai\u0146u, komerci\u0101lo\/klientu vajadz\u012bbu vai jaunatkl\u0101tu dro\u0161\u012bbas risku d\u0113\u013c. \u0160ie noteikumi par s\u012bkfailu izmanto\u0161anu ir p\u0113d\u0113jo reizi atjaunin\u0101ti 25.05.2018. Ja jums ir jaut\u0101jumi vai koment\u0101ri par \u0161iem noteikumiem par s\u012bkfailu izmanto\u0161anu, l\u016bdzu, rakstiet uz e-pasta adresi&nbsp;<a href=\"javascript:;\">info@er-chp.eu<\/a>. \u0160ie noteikumi par s\u012bkfailu lieto\u0161anu ir piem\u0113rojami vienlaikus ar m\u016bsu Konfidencialit\u0101tes politiku.<\/p>\n","protected":false},"excerpt":{"rendered":"<p>1. Ievads 1.1. Kas ir \u201cs\u012bkfails\u201d? \u201cS\u012bkfails\u201d ir neliela datne, kas tiek izmantota k\u0101 unik\u0101ls identifikators. Katrs s\u012bkfails&#8230;<\/p>\n","protected":false},"author":2,"featured_media":0,"parent":0,"menu_order":0,"comment_status":"closed","ping_status":"closed","template":"","meta":{"_acf_changed":false,"inline_featured_image":false,"pgc_sgb_lightbox_settings":"","footnotes":""},"class_list":["post-10417","page","type-page","status-publish","hentry"],"acf":[],"_links":{"self":[{"href":"https:\/\/newfuels.eu\/lt\/wp-json\/wp\/v2\/pages\/10417","targetHints":{"allow":["GET"]}}],"collection":[{"href":"https:\/\/newfuels.eu\/lt\/wp-json\/wp\/v2\/pages"}],"about":[{"href":"https:\/\/newfuels.eu\/lt\/wp-json\/wp\/v2\/types\/page"}],"author":[{"embeddable":true,"href":"https:\/\/newfuels.eu\/lt\/wp-json\/wp\/v2\/users\/2"}],"replies":[{"embeddable":true,"href":"https:\/\/newfuels.eu\/lt\/wp-json\/wp\/v2\/comments?post=10417"}],"version-history":[{"count":0,"href":"https:\/\/newfuels.eu\/lt\/wp-json\/wp\/v2\/pages\/10417\/revisions"}],"wp:attachment":[{"href":"https:\/\/newfuels.eu\/lt\/wp-json\/wp\/v2\/media?parent=10417"}],"curies":[{"name":"wp","href":"https:\/\/api.w.org\/{rel}","templated":true}]}}