{"id":16420,"date":"2026-02-25T17:11:32","date_gmt":"2026-02-25T17:11:32","guid":{"rendered":"https:\/\/newfuels.eu\/newfuels\/komanda\/"},"modified":"2026-02-26T14:04:43","modified_gmt":"2026-02-26T14:04:43","slug":"komanda","status":"publish","type":"page","link":"https:\/\/newfuels.eu\/lt\/komanda\/","title":{"rendered":"Komanda"},"content":{"rendered":"\n<!DOCTYPE html>\n<html lang=\"ltg\">\n<head>\n    <meta charset=\"UTF-8\">\n    <meta name=\"viewport\" content=\"width=device-width, initial-scale=1.0\">\n    <title>Komanda &#8211; NewFuels<\/title>\n    <style>\n        .nf-team-section {\n            background-color: #f7f7f7;\n            padding: 60px 20px;\n            font-family: -apple-system, BlinkMacSystemFont, \"Segoe UI\", Roboto, Oxygen-Sans, Ubuntu, Cantarell, \"Helvetica Neue\", sans-serif;\n        }\n        .nf-team-container {\n            max-width: 1200px;\n            margin: 0 auto;\n        }\n        .nf-team-row {\n            display: flex;\n            gap: 15px;\n        }\n        .nf-team-column {\n            flex: 1;\n            display: flex;\n            flex-direction: column;\n            gap: 10px;\n        }\n        @media (max-width: 768px) {\n            .nf-team-row {\n                flex-direction: column;\n            }\n        }\n        .nf-team-card {\n            background: #fff;\n            border-radius: 0;\n            overflow: hidden;\n        }\n        .nf-team-header {\n            display: flex;\n            align-items: center;\n            padding: 30px 35px;\n            cursor: pointer;\n            transition: background-color 0.2s ease;\n        }\n        .nf-team-header:hover {\n            background-color: #fafafa;\n        }\n        .nf-team-avatar {\n            width: 60px;\n            height: 60px;\n            min-width: 60px;\n            background: linear-gradient(135deg, #00539f 0%, #0073aa 100%);\n            border-radius: 50%;\n            display: flex;\n            align-items: center;\n            justify-content: center;\n            margin-right: 20px;\n        }\n        .nf-team-avatar svg {\n            width: 30px;\n            height: 30px;\n            fill: #fff;\n        }\n        .nf-team-info {\n            flex: 1;\n        }\n        .nf-team-name {\n            font-size: 18px;\n            font-weight: 600;\n            color: #333;\n            margin: 0 0 5px 0;\n        }\n        .nf-team-position {\n            font-size: 14px;\n            color: #00539f;\n            margin: 0;\n            font-weight: 500;\n        }\n        .nf-team-toggle {\n            width: 50px;\n            height: 50px;\n            min-width: 50px;\n            border: 1px solid #f2f2f2;\n            border-radius: 50%;\n            display: flex;\n            align-items: center;\n            justify-content: center;\n        }\n        .nf-team-toggle svg {\n            width: 16px;\n            height: 16px;\n            stroke: #bebebe;\n            transition: transform 0.3s ease;\n        }\n        .nf-team-card.active .nf-team-toggle svg {\n            transform: rotate(180deg);\n        }\n        .nf-team-content {\n            max-height: 0;\n            overflow: hidden;\n            transition: max-height 0.4s ease;\n            border-top: 0px solid #e2e2e2;\n        }\n        .nf-team-card.active .nf-team-content {\n            max-height: 800px;\n            border-top-width: 1px;\n        }\n        .nf-team-content-inner {\n            padding: 30px 35px 35px 35px;\n        }\n        .nf-team-section-text {\n            font-size: 15px;\n            line-height: 1.7;\n            color: #555;\n            margin: 0 0 15px 0;\n            font-weight: 500;\n        }\n        .nf-team-section-text:last-child {\n            margin-bottom: 0;\n        }\n    <\/style>\n<\/head>\n<body>\n\n<div class=\"nf-team-section\">\n    <div class=\"nf-team-container\">\n        \n        <div class=\"nf-team-row\">\n            <!-- KREISUO KOLONA: Roman, Karyna, Orest -->\n            <div class=\"nf-team-column\">\n                \n                <!-- Roman Vdovychenko -->\n                <div class=\"nf-team-card\">\n                    <div class=\"nf-team-header\" onclick=\"toggleCard(this)\">\n                        <div class=\"nf-team-avatar\">\n                            <svg viewBox=\"0 0 100 100\" xmlns=\"http:\/\/www.w3.org\/2000\/svg\">\n                                <circle cx=\"50\" cy=\"32\" r=\"20\" fill=\"white\"\/>\n                                <path d=\"M15 90 C15 65 30 55 50 55 C70 55 85 65 85 90 Z\" fill=\"white\"\/>\n                            <\/svg>\n                        <\/div>\n                        <div class=\"nf-team-info\">\n                            <h3 class=\"nf-team-name\">Roman Vdovychenko<\/h3>\n                            <p class=\"nf-team-position\">Va\u013cdis pr\u012b\u0161ks\u0101d\u0101tuojs<\/p>\n                        <\/div>\n                        <div class=\"nf-team-toggle\">\n                            <svg viewBox=\"0 0 17 19\" fill=\"none\" xmlns=\"http:\/\/www.w3.org\/2000\/svg\">\n                                <path d=\"M15.3305 10.1227L8.48347 16.9697M8.48347 16.9697L1.63648 10.1227M8.48347 16.9697V-0.000905996\" stroke=\"currentColor\" stroke-width=\"2\"\/>\n                            <\/svg>\n                        <\/div>\n                    <\/div>\n                    <div class=\"nf-team-content\">\n                        <div class=\"nf-team-content-inner\">\n                            <p class=\"nf-team-section-text\">Strategiskuo vadeiba, operativuos un finan\u0161u darbeibys uzraudzeiba, korporativuos puorva\u013cdeibys standartu \u012bv\u012b\u0161ona.<\/p>\n                            <p class=\"nf-team-section-text\">Vaira nakai 25 godu p\u012bredze vod\u016b\u0161\u016bs omot\u016bs finan\u0161u un energetikys n\u016bzar\u0113s korporativuos puorva\u013cdeibys, investiceju un normativ\u016b aktu atbi\u013csteibys j\u016bmuos. Vadeja ryupn\u012bceibys un energetikys objektus, tym\u0101 skait\u0101 granulu ra\u017euo\u0161onys \u012bkuortys, kogeneracejis stacejis un hidroelektrostacejis.<\/p>\n                        <\/div>\n                    <\/div>\n                <\/div>\n\n                <!-- Karyna Kucherenko -->\n                <div class=\"nf-team-card\">\n                    <div class=\"nf-team-header\" onclick=\"toggleCard(this)\">\n                        <div class=\"nf-team-avatar\">\n                            <svg viewBox=\"0 0 100 100\" xmlns=\"http:\/\/www.w3.org\/2000\/svg\">\n                                <circle cx=\"50\" cy=\"32\" r=\"20\" fill=\"white\"\/>\n                                <path d=\"M30 20 C30 10 40 5 50 5 C60 5 70 10 70 20 L70 50 C70 55 65 58 60 58 L40 58 C35 58 30 55 30 50 Z\" fill=\"white\"\/>\n                                <path d=\"M15 90 C15 65 30 55 50 55 C70 55 85 65 85 90 Z\" fill=\"white\"\/>\n                            <\/svg>\n                        <\/div>\n                        <div class=\"nf-team-info\">\n                            <h3 class=\"nf-team-name\">Karyna Kucherenko<\/h3>\n                            <p class=\"nf-team-position\">Va\u013cdis pr\u012b\u0161ks\u0101d\u0101tuoja v\u012btneica<\/p>\n                        <\/div>\n                        <div class=\"nf-team-toggle\">\n                            <svg viewBox=\"0 0 17 19\" fill=\"none\" xmlns=\"http:\/\/www.w3.org\/2000\/svg\">\n                                <path d=\"M15.3305 10.1227L8.48347 16.9697M8.48347 16.9697L1.63648 10.1227M8.48347 16.9697V-0.000905996\" stroke=\"currentColor\" stroke-width=\"2\"\/>\n                            <\/svg>\n                        <\/div>\n                    <\/div>\n                    <div class=\"nf-team-content\">\n                        <div class=\"nf-team-content-inner\">\n                            <p class=\"nf-team-section-text\">Strategiskuo planavuo\u0161ona, operativuo vadeiba, \u012b\u0161kej\u016b procesu koordinie\u0161ona.<\/p>\n                            <p class=\"nf-team-section-text\">Vaira nakai 15 godu p\u012bredze energejis ra\u017euo\u0161onys un ryupn\u012bciskuos energetikys projekt\u016bs, tym\u0101 skait\u0101 \u016bglek\u013ca emiseju samozynuo\u0161onys projektu puorva\u013cdeib\u0101.<\/p>\n                        <\/div>\n                    <\/div>\n                <\/div>\n\n                <!-- Orest Benko -->\n                <div class=\"nf-team-card\">\n                    <div class=\"nf-team-header\" onclick=\"toggleCard(this)\">\n                        <div class=\"nf-team-avatar\">\n                            <svg viewBox=\"0 0 100 100\" xmlns=\"http:\/\/www.w3.org\/2000\/svg\">\n                                <circle cx=\"50\" cy=\"32\" r=\"20\" fill=\"white\"\/>\n                                <path d=\"M15 90 C15 65 30 55 50 55 C70 55 85 65 85 90 Z\" fill=\"white\"\/>\n                            <\/svg>\n                        <\/div>\n                        <div class=\"nf-team-info\">\n                            <h3 class=\"nf-team-name\">Orest Benko<\/h3>\n                            <p class=\"nf-team-position\">Va\u013cdis pr\u012b\u0161ks\u0101d\u0101tuoja v\u012btn\u012bks atteisteibys vaicuojum\u016bs<\/p>\n                        <\/div>\n                        <div class=\"nf-team-toggle\">\n                            <svg viewBox=\"0 0 17 19\" fill=\"none\" xmlns=\"http:\/\/www.w3.org\/2000\/svg\">\n                                <path d=\"M15.3305 10.1227L8.48347 16.9697M8.48347 16.9697L1.63648 10.1227M8.48347 16.9697V-0.000905996\" stroke=\"currentColor\" stroke-width=\"2\"\/>\n                            <\/svg>\n                        <\/div>\n                    <\/div>\n                    <div class=\"nf-team-content\">\n                        <div class=\"nf-team-content-inner\">\n                            <p class=\"nf-team-section-text\">Atteisteibys projektu ekonomiskuo analize, strategisk\u012b \u012bteikumi, pasaplo\u0161ynuo\u0161onuos un modernizacejis iniciativys.<\/p>\n                            <p class=\"nf-team-section-text\">Ekonomikys un biznesa atteisteibys specialists ar p\u012bredzi vadeibys, finan\u0161u un investiceju analiz\u0113, strategiskaj\u0101 planavuo\u0161on\u0101, kapitala sadal\u0113, finan\u0161u puorva\u013cdeib\u0101 un modernizacejis un paplo\u0161ynuo\u0161onys projekt\u016bs energetikys un degv\u012blys n\u016bzar\u0113s.<\/p>\n                        <\/div>\n                    <\/div>\n                <\/div>\n\n            <\/div>\n\n            <!-- LOBUO KOLONA: Witold, Anastasiia, Andriy -->\n            <div class=\"nf-team-column\">\n                \n                <!-- Witold Maciej Dura -->\n                <div class=\"nf-team-card\">\n                    <div class=\"nf-team-header\" onclick=\"toggleCard(this)\">\n                        <div class=\"nf-team-avatar\">\n                            <svg viewBox=\"0 0 100 100\" xmlns=\"http:\/\/www.w3.org\/2000\/svg\">\n                                <circle cx=\"50\" cy=\"32\" r=\"20\" fill=\"white\"\/>\n                                <path d=\"M15 90 C15 65 30 55 50 55 C70 55 85 65 85 90 Z\" fill=\"white\"\/>\n                            <\/svg>\n                        <\/div>\n                        <div class=\"nf-team-info\">\n                            <h3 class=\"nf-team-name\">Witold Maciej Dura<\/h3>\n                            <p class=\"nf-team-position\">Ryupneicys generaldirektors<\/p>\n                        <\/div>\n                        <div class=\"nf-team-toggle\">\n                            <svg viewBox=\"0 0 17 19\" fill=\"none\" xmlns=\"http:\/\/www.w3.org\/2000\/svg\">\n                                <path d=\"M15.3305 10.1227L8.48347 16.9697M8.48347 16.9697L1.63648 10.1227M8.48347 16.9697V-0.000905996\" stroke=\"currentColor\" stroke-width=\"2\"\/>\n                            <\/svg>\n                        <\/div>\n                    <\/div>\n                    <div class=\"nf-team-content\">\n                        <div class=\"nf-team-content-inner\">\n                            <p class=\"nf-team-section-text\">Ryupneicys darbeibys n\u016bdr\u016b\u0161ynuo\u0161ona, izmoksu optimizaceja, procesu uzlobuo\u0161ona, personala vadeiba.<\/p>\n                            <p class=\"nf-team-section-text\">Vaira nakai 30 godu p\u012bredze ra\u017euo\u0161onys, energetikys un biodegv\u012blys n\u016bzar\u0113s, vod\u016bt ra\u017e\u016btnis Eirop\u0101 ar tai\u0161\u0146u atbi\u013cdeibu par darbeibys vadeibu, bud\u017eeta planavuo\u0161onu, procesu optimizaceju un lela m\u0101r\u016bga modernizacejis projektim.<\/p>\n                        <\/div>\n                    <\/div>\n                <\/div>\n\n                <!-- Anastasiia Kviatkovska -->\n                <div class=\"nf-team-card\">\n                    <div class=\"nf-team-header\" onclick=\"toggleCard(this)\">\n                        <div class=\"nf-team-avatar\">\n                            <svg viewBox=\"0 0 100 100\" xmlns=\"http:\/\/www.w3.org\/2000\/svg\">\n                                <circle cx=\"50\" cy=\"32\" r=\"20\" fill=\"white\"\/>\n                                <path d=\"M30 20 C30 10 40 5 50 5 C60 5 70 10 70 20 L70 50 C70 55 65 58 60 58 L40 58 C35 58 30 55 30 50 Z\" fill=\"white\"\/>\n                                <path d=\"M15 90 C15 65 30 55 50 55 C70 55 85 65 85 90 Z\" fill=\"white\"\/>\n                            <\/svg>\n                        <\/div>\n                        <div class=\"nf-team-info\">\n                            <h3 class=\"nf-team-name\">Anastasiia Kviatkovska<\/h3>\n                            <p class=\"nf-team-position\">Finan\u0161u direktora v\u012btneica<\/p>\n                        <\/div>\n                        <div class=\"nf-team-toggle\">\n                            <svg viewBox=\"0 0 17 19\" fill=\"none\" xmlns=\"http:\/\/www.w3.org\/2000\/svg\">\n                                <path d=\"M15.3305 10.1227L8.48347 16.9697M8.48347 16.9697L1.63648 10.1227M8.48347 16.9697V-0.000905996\" stroke=\"currentColor\" stroke-width=\"2\"\/>\n                            <\/svg>\n                        <\/div>\n                    <\/div>\n                    <div class=\"nf-team-content\">\n                        <div class=\"nf-team-content-inner\">\n                            <p class=\"nf-team-section-text\">Finan\u0161u planavuo\u0161ona, \u012b\u0161kejuo kontrole, starptautyska komunikaceja.<\/p>\n                            <p class=\"nf-team-section-text\">Vaira nakai 8 godu p\u012bredze alternativuos energetikys, tierdzn\u012bceibys un pakolpuojumu n\u016bzar\u0113s Eirop\u0101 un Tivej\u016bs Austrum\u016bs, kur struoduoja taiduos j\u016bmuos kai starptautiskuo biznesa vadeiba un komunikaceja, puorr\u016bbe\u017eu sadarbeiba, investiceju projektu vadeiba un strategiskuos atteisteibys iniciativys.<\/p>\n                        <\/div>\n                    <\/div>\n                <\/div>\n\n                <!-- Andriy Kvyatkovskyy -->\n                <div class=\"nf-team-card\">\n                    <div class=\"nf-team-header\" onclick=\"toggleCard(this)\">\n                        <div class=\"nf-team-avatar\">\n                            <svg viewBox=\"0 0 100 100\" xmlns=\"http:\/\/www.w3.org\/2000\/svg\">\n                                <circle cx=\"50\" cy=\"32\" r=\"20\" fill=\"white\"\/>\n                                <path d=\"M15 90 C15 65 30 55 50 55 C70 55 85 65 85 90 Z\" fill=\"white\"\/>\n                            <\/svg>\n                        <\/div>\n                        <div class=\"nf-team-info\">\n                            <h3 class=\"nf-team-name\">Andriy Kvyatkovskyy<\/h3>\n                            <p class=\"nf-team-position\">Sadarbeibys p\u012bduovuojumu sagatavei\u0161onys specialists<\/p>\n                        <\/div>\n                        <div class=\"nf-team-toggle\">\n                            <svg viewBox=\"0 0 17 19\" fill=\"none\" xmlns=\"http:\/\/www.w3.org\/2000\/svg\">\n                                <path d=\"M15.3305 10.1227L8.48347 16.9697M8.48347 16.9697L1.63648 10.1227M8.48347 16.9697V-0.000905996\" stroke=\"currentColor\" stroke-width=\"2\"\/>\n                            <\/svg>\n                        <\/div>\n                    <\/div>\n                    <div class=\"nf-team-content\">\n                        <div class=\"nf-team-content-inner\">\n                            <p class=\"nf-team-section-text\">Strategiskuo analize, atteisteibys iniciativu sagatavei\u0161ona, atbolsts \u012b\u0161kej\u016b procesu koordinei\u0161on\u0101.<\/p>\n                            <p class=\"nf-team-section-text\">P\u012bredze vadeib\u0101, biznesa atteisteib\u0101 un konsultei\u0161ona strategiskuos atteisteibys, organizaceju optimizacejis, \u012b\u0161kej\u016b standartu \u012bv\u012b\u0161onys un darbin\u012bku apvuiceibu sistemu vaicuojum\u016bs energetikys, dr\u016b\u0161eibys un ryupn\u012bceibys n\u016bzar\u0113s.<\/p>\n                        <\/div>\n                    <\/div>\n                <\/div>\n\n            <\/div>\n        <\/div>\n    <\/div>\n<\/div>\n\n<script>\nfunction toggleCard(header) {\n    const card = header.parentElement;\n    card.classList.toggle('active');\n}\n<\/script>\n\n<\/body>\n<\/html>\n","protected":false},"excerpt":{"rendered":"<p>Komanda &#8211; NewFuels Roman Vdovychenko Va\u013cdis pr\u012b\u0161ks\u0101d\u0101tuojs Strategiskuo vadeiba, operativuos un finan\u0161u darbeibys uzraudzeiba, korporativuos puorva\u013cdeibys standartu \u012bv\u012b\u0161ona&#8230;.<\/p>\n","protected":false},"author":6,"featured_media":0,"parent":0,"menu_order":0,"comment_status":"closed","ping_status":"closed","template":"newfuels.php","meta":{"_acf_changed":false,"inline_featured_image":false,"pgc_sgb_lightbox_settings":"","footnotes":""},"class_list":["post-16420","page","type-page","status-publish","hentry"],"acf":[],"_links":{"self":[{"href":"https:\/\/newfuels.eu\/lt\/wp-json\/wp\/v2\/pages\/16420","targetHints":{"allow":["GET"]}}],"collection":[{"href":"https:\/\/newfuels.eu\/lt\/wp-json\/wp\/v2\/pages"}],"about":[{"href":"https:\/\/newfuels.eu\/lt\/wp-json\/wp\/v2\/types\/page"}],"author":[{"embeddable":true,"href":"https:\/\/newfuels.eu\/lt\/wp-json\/wp\/v2\/users\/6"}],"replies":[{"embeddable":true,"href":"https:\/\/newfuels.eu\/lt\/wp-json\/wp\/v2\/comments?post=16420"}],"version-history":[{"count":4,"href":"https:\/\/newfuels.eu\/lt\/wp-json\/wp\/v2\/pages\/16420\/revisions"}],"predecessor-version":[{"id":16455,"href":"https:\/\/newfuels.eu\/lt\/wp-json\/wp\/v2\/pages\/16420\/revisions\/16455"}],"wp:attachment":[{"href":"https:\/\/newfuels.eu\/lt\/wp-json\/wp\/v2\/media?parent=16420"}],"curies":[{"name":"wp","href":"https:\/\/api.w.org\/{rel}","templated":true}]}}