{"id":2284,"date":"2022-04-07T19:13:44","date_gmt":"2022-04-07T19:13:44","guid":{"rendered":"https:\/\/newfuels.eu\/energy-resources-chp\/stroitelstvo-stanczii\/"},"modified":"2022-06-17T11:33:05","modified_gmt":"2022-06-17T11:33:05","slug":"staceijis-byuvniceiba","status":"publish","type":"page","link":"https:\/\/newfuels.eu\/lt\/energy-resources-chp\/staceijis-byuvniceiba\/","title":{"rendered":"Stacejis byuvn\u012bceiba"},"content":{"rendered":"\n<div class=\"wp-block-stackable-columns stk-block-columns stk-block stk-810398a\" data-block-id=\"810398a\"><style>.stk-810398a{margin-top:0px !important;margin-bottom:130px !important}@media screen and (max-width:767px){.stk-810398a{margin-bottom:70px !important}}<\/style><div class=\"stk-row stk-inner-blocks stk-block-content stk-content-align stk-810398a-column\">\n<div class=\"wp-block-stackable-column full-width stk-block-column stk-column stk-block stk-130ad09\" data-block-id=\"130ad09\"><style>.stk-130ad09{padding-top:0px !important;padding-right:0px !important;padding-bottom:0px !important;padding-left:0px !important}<\/style><div class=\"stk-column-wrapper stk-block-column__content stk-container stk-130ad09-container stk--no-background stk--no-padding\"><div class=\"stk-block-content stk-inner-blocks\">\n<div class=\"wp-block-stackable-columns stk-block-columns stk-block stk-2acede6\" data-block-id=\"2acede6\"><style>.stk-2acede6 .stk--block-align-2acede6{align-items:flex-end !important}.stk-2acede6{margin-top:60px !important}@media screen and (max-width:767px){.stk-2acede6{margin-top:0px !important;margin-bottom:0px !important}}.stk-2acede6-column{--stk-column-gap:40px !important}<\/style><div class=\"stk-row stk-inner-blocks stk--block-align-2acede6 stk-block-content stk-content-align stk-2acede6-column\">\n<div class=\"wp-block-stackable-column stk-block-column stk-column stk-block stk-9ecd346\" data-block-id=\"9ecd346\"><style>@media screen and (min-width:768px){.stk-9ecd346{flex:1 1 calc(43% - var(--stk-column-gap,0px) * 2 \/ 3 ) !important}}.stk-9ecd346-container{margin-top:0px !important;margin-right:0px !important;margin-bottom:0px !important;margin-left:0px !important}<\/style><div class=\"stk-column-wrapper stk-block-column__content stk-container stk-9ecd346-container stk--no-background stk--no-padding\"><div class=\"stk-block-content stk-inner-blocks\">\n<figure class=\"wp-block-embed is-type-video is-provider-youtube wp-block-embed-youtube wp-embed-aspect-16-9 wp-has-aspect-ratio\"><div class=\"wp-block-embed__wrapper\">\n<iframe loading=\"lazy\" title=\"CONSTRUCTION OF THE CHP PLANT IN REZEKNE\" width=\"640\" height=\"360\" src=\"https:\/\/www.youtube.com\/embed\/MhxiFHaeLaU?feature=oembed\" frameborder=\"0\" allow=\"accelerometer; autoplay; clipboard-write; encrypted-media; gyroscope; picture-in-picture; web-share\" referrerpolicy=\"strict-origin-when-cross-origin\" allowfullscreen><\/iframe>\n<\/div><\/figure>\n<\/div><\/div><\/div>\n\n\n\n<div class=\"wp-block-stackable-column stk-block-column stk-column stk-block stk-fc00c3f\" data-block-id=\"fc00c3f\"><style>.stk-fc00c3f{align-self:flex-end !important}.stk-fc00c3f{padding-left:20px !important}@media screen and (max-width:1023px){.stk-fc00c3f{padding-left:0px !important}}@media screen and (min-width:768px){.stk-fc00c3f{flex:1 1 calc(24% - var(--stk-column-gap,0px) * 2 \/ 3 ) !important}}.stk-fc00c3f-container{margin-top:0px !important;margin-right:0px !important;margin-bottom:0px !important;margin-left:0px !important}<\/style><div class=\"stk-column-wrapper stk-block-column__content stk-container stk-fc00c3f-container stk--no-background stk--no-padding\"><div class=\"stk-block-content stk-inner-blocks\">\n<div class=\"wp-block-stackable-image stk-block-image has-text-align-left stk-block stk-98ca96b\" data-block-id=\"98ca96b\"><style>.stk-98ca96b{margin-bottom:50px !important}@media screen and (max-width:767px){.stk-98ca96b{margin-top:20px !important;margin-bottom:20px !important}}.stk-98ca96b .stk-img-wrapper img{object-fit:contain !important}.stk-98ca96b .stk-img-wrapper{width:150px !important;height:187px !important}<\/style><figure class=\"stk-img-wrapper stk-image--shape-stretch\"><img loading=\"lazy\" decoding=\"async\" class=\"stk-img wp-image-2213\" src=\"https:\/\/newfuels.eu\/wp-content\/uploads\/2022\/05\/group-2023.png\" width=\"149\" height=\"188\" alt=\"\" title=\"\"><\/figure><\/div>\n\n\n\n<div class=\"wp-block-stackable-text stk-block-text stk-block stk-70f11c2\" data-block-id=\"70f11c2\"><style>.stk-70f11c2{max-width:280px !important;min-width:auto !important;margin-right:auto !important;margin-left:0px !important}@media screen and (max-width:767px){.stk-70f11c2{max-width:100% !important;min-width:auto !important}}<\/style><p class=\"stk-block-text__text\">Latgal\u012b leluokuo miomasys ko\u0123eneracejis staceja sovu darbeibu uzsuoka 2015.goda august\u0101.<\/p><\/div>\n<\/div><\/div><\/div>\n\n\n\n<div class=\"wp-block-stackable-column stk-block-column stk-column stk-block stk-d1f499f\" data-block-id=\"d1f499f\"><style>.stk-d1f499f{padding-left:5% !important}@media screen and (max-width:1023px){.stk-d1f499f{padding-top:30px !important;padding-left:0px !important}}@media screen and (min-width:768px){.stk-d1f499f{flex:1 1 calc(33.00000000000001% - var(--stk-column-gap,0px) * 2 \/ 3 ) !important}}.stk-d1f499f-container{margin-top:0px !important;margin-right:0px !important;margin-bottom:0px !important;margin-left:0px !important}<\/style><div class=\"stk-column-wrapper stk-block-column__content stk-container stk-d1f499f-container stk--no-background stk--no-padding\"><div class=\"stk-block-content stk-inner-blocks\">\n<div class=\"wp-block-stackable-heading stk-block-heading stk-block stk-0d86d05\" id=\"12-5-strong-miljoni-strong-\u20ac\" data-block-id=\"0d86d05\"><style>.stk-0d86d05{margin-bottom:15px !important}.stk-0d86d05 .stk-block-heading__text{color:#92b124 !important}<\/style><h3 class=\"stk-block-heading__text has-text-color\">12,5 <strong>miljoni<\/strong> \u20ac<\/h3><\/div>\n\n\n\n<div class=\"wp-block-stackable-text stk-block-text stk-block stk-f52d232\" data-block-id=\"f52d232\"><style>.stk-f52d232{max-width:300px !important;min-width:auto !important}@media screen and (max-width:767px){.stk-f52d232{max-width:100% !important;min-width:auto !important}}<\/style><p class=\"stk-block-text__text\">Uzn\u0101muma investicejis ir leluokuos Latgal\u012b itym\u0101 ekonomikys sektor\u0101.<\/p><\/div>\n<\/div><\/div><\/div>\n<\/div><\/div>\n\n\n\n<div class=\"wp-block-stackable-columns two-col stk-block-columns stk-block stk-7b7a7a9 stk-block-background\" data-block-id=\"7b7a7a9\"><style>.stk-7b7a7a9 .stk--block-align-7b7a7a9{align-items:flex-start !important}.stk-7b7a7a9{background-color:#f9f9f9 !important}.stk-7b7a7a9:before{background-color:#f9f9f9 !important}.stk-7b7a7a9{padding-top:74px !important;padding-right:30px !important;padding-bottom:74px !important;padding-left:90px !important;margin-top:60px !important}@media screen and (max-width:1023px){.stk-7b7a7a9{padding-left:50px !important}}@media screen and (max-width:767px){.stk-7b7a7a9{padding-top:45px !important;padding-right:30px !important;padding-bottom:45px !important;padding-left:30px !important;margin-top:25px !important}}.stk-7b7a7a9-column{--stk-column-gap:40px !important}<\/style><div class=\"stk-row stk-inner-blocks stk--block-align-7b7a7a9 stk-block-content stk-content-align stk-7b7a7a9-column\">\n<div class=\"wp-block-stackable-column stk-block-column stk-column stk-block stk-1f54ee5\" data-block-id=\"1f54ee5\"><style>@media screen and (min-width:768px){.stk-1f54ee5{flex:1 1 calc(36% - var(--stk-column-gap,0px) * 2 \/ 3 ) !important}}.stk-1f54ee5-container{margin-top:0px !important;margin-right:0px !important;margin-bottom:0px !important;margin-left:0px !important}<\/style><div class=\"stk-column-wrapper stk-block-column__content stk-container stk-1f54ee5-container stk--no-background stk--no-padding\"><div class=\"stk-block-content stk-inner-blocks\">\n<div class=\"wp-block-stackable-heading stk-block-heading stk-block stk-02bb1c7\" id=\"05-08-2014-25-05-2015\" data-block-id=\"02bb1c7\"><style>.stk-02bb1c7{max-width:230px !important;min-width:auto !important;margin-bottom:15px !important}@media screen and (max-width:767px){.stk-02bb1c7{max-width:100% !important;min-width:auto !important}}.stk-02bb1c7 .stk-block-heading__text{color:#92b124 !important}<\/style><h3 class=\"stk-block-heading__text has-text-color\">05.08.2014-25.05.2015<\/h3><\/div>\n\n\n\n<div class=\"wp-block-stackable-text stk-block-text stk-block stk-9c6ef38\" data-block-id=\"9c6ef38\"><style>.stk-9c6ef38{max-width:300px !important;min-width:auto !important}<\/style><p class=\"stk-block-text__text\">Byuvn\u012bceibys periods<\/p><\/div>\n\n\n\n<div class=\"wp-block-stackable-heading stk-block-heading stk-block stk-eed87ea\" id=\"sia-strong-br-strong-baltik-energo\" data-block-id=\"eed87ea\"><style>.stk-eed87ea{margin-top:45px !important;margin-bottom:15px !important}@media screen and (max-width:767px){.stk-eed87ea{margin-top:20px !important}}.stk-eed87ea .stk-block-heading__text{color:#92b124 !important}<\/style><h3 class=\"stk-block-heading__text has-text-color\">SIA<strong><br><\/strong>\u201cBaltik Energo\u201d<\/h3><\/div>\n\n\n\n<div class=\"wp-block-stackable-text stk-block-text stk-block stk-c093fc9\" data-block-id=\"c093fc9\"><style>.stk-c093fc9{max-width:300px !important;min-width:auto !important}<\/style><p class=\"stk-block-text__text\">Elektroinstalaceja<\/p><\/div>\n<\/div><\/div><\/div>\n\n\n\n<div class=\"wp-block-stackable-column stk-block-column stk-column stk-block stk-ee57554\" data-block-id=\"ee57554\"><style>@media screen and (min-width:768px){.stk-ee57554{flex:1 1 calc(31% - var(--stk-column-gap,0px) * 2 \/ 3 ) !important}}.stk-ee57554-container{margin-top:0px !important;margin-right:0px !important;margin-bottom:0px !important;margin-left:0px !important}<\/style><div class=\"stk-column-wrapper stk-block-column__content stk-container stk-ee57554-container stk--no-background stk--no-padding\"><div class=\"stk-block-content stk-inner-blocks\">\n<div class=\"wp-block-stackable-heading stk-block-heading stk-block stk-aa8ae06\" id=\"host-b-v-\u0438-\u043e\u043e\u043e-host-latvia\" data-block-id=\"aa8ae06\"><style>.stk-aa8ae06{margin-bottom:15px !important}.stk-aa8ae06 .stk-block-heading__text{color:#92b124 !important}<\/style><h3 class=\"stk-block-heading__text has-text-color\">Host B.V. \u0438 \u041e\u041e\u041e \u201cHost Latvia\u201d<\/h3><\/div>\n\n\n\n<div class=\"wp-block-stackable-text stk-block-text stk-block stk-75b82a1\" data-block-id=\"75b82a1\"><style>.stk-75b82a1{max-width:300px !important;min-width:auto !important}<\/style><p class=\"stk-block-text__text\">Apreikuojuma p\u012bguoduotuojs<\/p><\/div>\n\n\n\n<div class=\"wp-block-stackable-heading stk-block-heading stk-block stk-7eeb0cd\" id=\"sia-br-aimasa\" data-block-id=\"7eeb0cd\"><style>.stk-7eeb0cd{margin-top:45px !important;margin-bottom:15px !important}@media screen and (max-width:767px){.stk-7eeb0cd{margin-top:20px !important}}.stk-7eeb0cd .stk-block-heading__text{color:#92b124 !important}<\/style><h3 class=\"stk-block-heading__text has-text-color\">SIA<br>\u201cAIMASA\u201d<\/h3><\/div>\n\n\n\n<div class=\"wp-block-stackable-text stk-block-text stk-block stk-df03304\" data-block-id=\"df03304\"><style>.stk-df03304{max-width:300px !important;min-width:auto !important}<\/style><p class=\"stk-block-text__text\">Celtn\u012bceibys dorbi<\/p><\/div>\n<\/div><\/div><\/div>\n\n\n\n<div class=\"wp-block-stackable-column stk-block-column stk-column stk-block stk-525f627\" data-block-id=\"525f627\"><style>.stk-525f627{padding-left:5% !important}@media screen and (max-width:1023px){.stk-525f627{padding-left:0px !important}}@media screen and (max-width:767px){.stk-525f627{padding-left:0px !important}}@media screen and (min-width:768px){.stk-525f627{flex:1 1 calc(33.00000000000001% - var(--stk-column-gap,0px) * 2 \/ 3 ) !important}}.stk-525f627-container{margin-top:0px !important;margin-right:0px !important;margin-bottom:0px !important;margin-left:0px !important}<\/style><div class=\"stk-column-wrapper stk-block-column__content stk-container stk-525f627-container stk--no-background stk--no-padding\"><div class=\"stk-block-content stk-inner-blocks\">\n<div class=\"wp-block-stackable-heading stk-block-heading stk-block stk-0e2830b\" id=\"nordea-bank-ab-latvijas-filiale\" data-block-id=\"0e2830b\"><style>.stk-0e2830b{max-width:330px !important;min-width:auto !important;margin-bottom:15px !important}.stk-0e2830b .stk-block-heading__text{color:#92b124 !important}<\/style><h3 class=\"stk-block-heading__text has-text-color\">Nordea bank ab Latvijas fili\u0101le<\/h3><\/div>\n\n\n\n<div class=\"wp-block-stackable-text stk-block-text stk-block stk-acc378d\" data-block-id=\"acc378d\"><style>.stk-acc378d{max-width:195px !important;min-width:auto !important}<\/style><p class=\"stk-block-text__text\">Projekta finansials atbolsts<\/p><\/div>\n<\/div><\/div><\/div>\n<\/div><\/div>\n\n\n\n<div class=\"wp-block-stackable-heading stk-block-heading stk-block stk-a013e85\" id=\"valstis-kas-pizadalieja-projekta\" data-block-id=\"a013e85\"><style>.stk-a013e85{max-width:476px !important;min-width:auto !important;margin-top:70px !important;margin-right:auto !important;margin-bottom:40px !important;margin-left:0px !important}@media screen and (max-width:767px){.stk-a013e85{margin-top:40px !important;margin-bottom:30px !important}}@media screen and (max-width:767px){.stk-a013e85 .stk-block-heading__text{font-size:20px !important}}<\/style><h4 class=\"stk-block-heading__text\">Va\u013cstis, kas p\u012bzadalieja projekt\u0101:<\/h4><\/div>\n\n\n\n<div class=\"wp-block-stackable-columns countries stk-block-columns stk-block stk-4244a70\" data-block-id=\"4244a70\"><style>.stk-4244a70 .stk--block-align-4244a70{align-items:stretch !important}.stk-4244a70{margin-top:0px !important}<\/style><div class=\"stk-row stk-inner-blocks has-text-align-left stk--block-align-4244a70 stk-block-content stk-content-align stk-4244a70-column\">\n<div class=\"wp-block-stackable-column stk-block-column stk-column stk-block stk-e929f96\" data-block-id=\"e929f96\"><style>.stk-e929f96-container{margin-top:0px !important;margin-right:0px !important;margin-bottom:0px !important;margin-left:0px !important}<\/style><div class=\"stk-column-wrapper stk-block-column__content stk-container stk-e929f96-container stk--no-background stk--no-padding\"><div class=\"stk-block-content stk-inner-blocks\">\n<div class=\"wp-block-stackable-heading stk-block-heading stk-block stk-b0e6256\" id=\"latveja\" data-block-id=\"b0e6256\"><style>.stk-b0e6256{margin-bottom:10px !important}@media screen and (max-width:767px){.stk-b0e6256{margin-bottom:25px !important}}.stk-b0e6256 .stk-block-heading__text{color:#92b124 !important}<\/style><h4 class=\"stk-block-heading__text has-text-color\">Latveja<\/h4><\/div>\n<\/div><\/div><\/div>\n\n\n\n<div class=\"wp-block-stackable-column stk-block-column stk-column stk-block stk-90cd9ad\" data-block-id=\"90cd9ad\"><style>.stk-90cd9ad-container{margin-top:0px !important;margin-right:0px !important;margin-bottom:0px !important;margin-left:0px !important}<\/style><div class=\"stk-column-wrapper stk-block-column__content stk-container stk-90cd9ad-container stk--no-background stk--no-padding\"><div class=\"stk-block-content stk-inner-blocks\">\n<div class=\"wp-block-stackable-heading stk-block-heading stk-block stk-5eaab2c\" id=\"igauneja\" data-block-id=\"5eaab2c\"><style>.stk-5eaab2c{margin-bottom:10px !important}@media screen and (max-width:767px){.stk-5eaab2c{margin-bottom:25px !important}}.stk-5eaab2c .stk-block-heading__text{color:#92b124 !important}<\/style><h4 class=\"stk-block-heading__text has-text-color\">Igauneja<\/h4><\/div>\n<\/div><\/div><\/div>\n\n\n\n<div class=\"wp-block-stackable-column stk-block-column stk-column stk-block stk-a2547e7\" data-block-id=\"a2547e7\"><style>.stk-a2547e7-container{margin-top:0px !important;margin-right:0px !important;margin-bottom:0px !important;margin-left:0px !important}<\/style><div class=\"stk-column-wrapper stk-block-column__content stk-container stk-a2547e7-container stk--no-background stk--no-padding\"><div class=\"stk-block-content stk-inner-blocks\">\n<div class=\"wp-block-stackable-heading stk-block-heading stk-block stk-e581eab\" id=\"vuoceja\" data-block-id=\"e581eab\"><style>.stk-e581eab{margin-bottom:10px !important}@media screen and (max-width:767px){.stk-e581eab{margin-bottom:25px !important}}.stk-e581eab .stk-block-heading__text{color:#92b124 !important}<\/style><h4 class=\"stk-block-heading__text has-text-color\">Vuoceja<\/h4><\/div>\n<\/div><\/div><\/div>\n\n\n\n<div class=\"wp-block-stackable-column stk-block-column stk-column stk-block stk-3bb4b71\" data-block-id=\"3bb4b71\"><style>.stk-3bb4b71-container{margin-top:0px !important;margin-right:0px !important;margin-bottom:0px !important;margin-left:0px !important}<\/style><div class=\"stk-column-wrapper stk-block-column__content stk-container stk-3bb4b71-container stk--no-background stk--no-padding\"><div class=\"stk-block-content stk-inner-blocks\">\n<div class=\"wp-block-stackable-heading stk-block-heading stk-block stk-811d026\" id=\"niderlande\" data-block-id=\"811d026\"><style>.stk-811d026{margin-bottom:10px !important}@media screen and (max-width:767px){.stk-811d026{margin-bottom:25px !important}}.stk-811d026 .stk-block-heading__text{color:#92b124 !important}<\/style><h4 class=\"stk-block-heading__text has-text-color\">N\u012bderlande<\/h4><\/div>\n<\/div><\/div><\/div>\n\n\n\n<div class=\"wp-block-stackable-column stk-block-column stk-column stk-block stk-fb6d662\" data-block-id=\"fb6d662\"><style>.stk-fb6d662-container{margin-top:0px !important;margin-right:0px !important;margin-bottom:0px !important;margin-left:0px !important}<\/style><div class=\"stk-column-wrapper stk-block-column__content stk-container stk-fb6d662-container stk--no-background stk--no-padding\"><div class=\"stk-block-content stk-inner-blocks\">\n<div class=\"wp-block-stackable-heading stk-block-heading stk-block stk-58a857b\" id=\"austreja\" data-block-id=\"58a857b\"><style>.stk-58a857b{margin-bottom:10px !important}.stk-58a857b .stk-block-heading__text{color:#92b124 !important}<\/style><h4 class=\"stk-block-heading__text has-text-color\">Austreja<\/h4><\/div>\n<\/div><\/div><\/div>\n<\/div><\/div>\n<\/div><\/div><\/div>\n<\/div><\/div>\n","protected":false},"excerpt":{"rendered":"<p>Latgal\u012b leluokuo miomasys ko\u0123eneracejis staceja sovu darbeibu uzsuoka 2015.goda august\u0101. 12,5 miljoni \u20ac Uzn\u0101muma investicejis ir leluokuos Latgal\u012b&#8230;<\/p>\n","protected":false},"author":1,"featured_media":0,"parent":2280,"menu_order":0,"comment_status":"closed","ping_status":"closed","template":"chppage.php","meta":{"_acf_changed":false,"inline_featured_image":false,"pgc_sgb_lightbox_settings":"","footnotes":""},"class_list":["post-2284","page","type-page","status-publish","hentry"],"acf":[],"_links":{"self":[{"href":"https:\/\/newfuels.eu\/lt\/wp-json\/wp\/v2\/pages\/2284","targetHints":{"allow":["GET"]}}],"collection":[{"href":"https:\/\/newfuels.eu\/lt\/wp-json\/wp\/v2\/pages"}],"about":[{"href":"https:\/\/newfuels.eu\/lt\/wp-json\/wp\/v2\/types\/page"}],"author":[{"embeddable":true,"href":"https:\/\/newfuels.eu\/lt\/wp-json\/wp\/v2\/users\/1"}],"replies":[{"embeddable":true,"href":"https:\/\/newfuels.eu\/lt\/wp-json\/wp\/v2\/comments?post=2284"}],"version-history":[{"count":0,"href":"https:\/\/newfuels.eu\/lt\/wp-json\/wp\/v2\/pages\/2284\/revisions"}],"up":[{"embeddable":true,"href":"https:\/\/newfuels.eu\/lt\/wp-json\/wp\/v2\/pages\/2280"}],"wp:attachment":[{"href":"https:\/\/newfuels.eu\/lt\/wp-json\/wp\/v2\/media?parent=2284"}],"curies":[{"name":"wp","href":"https:\/\/api.w.org\/{rel}","templated":true}]}}