{"id":2293,"date":"2022-04-07T11:23:19","date_gmt":"2022-04-07T11:23:19","guid":{"rendered":"https:\/\/newfuels.eu\/newfuels\/proekty\/"},"modified":"2023-05-17T18:40:12","modified_gmt":"2023-05-17T18:40:12","slug":"proekty","status":"publish","type":"page","link":"https:\/\/newfuels.eu\/lt\/newfuels\/proekty\/","title":{"rendered":"Projekti"},"content":{"rendered":"\n<div class=\"wp-block-stackable-columns stk-block-columns stk-block stk-87ca553\" data-block-id=\"87ca553\"><style>.stk-87ca553{margin-top:0px !important;margin-bottom:150px !important}@media screen and (max-width:767px){.stk-87ca553{margin-bottom:50px !important}}<\/style><div class=\"stk-row stk-inner-blocks stk-block-content stk-content-align stk-87ca553-column\">\n<div class=\"wp-block-stackable-column stk-block-column stk-column stk-block stk-60a80d8\" data-block-id=\"60a80d8\"><style>.stk-60a80d8{padding-top:0px !important;padding-right:0px !important;padding-bottom:0px !important;padding-left:0px !important}<\/style><div class=\"stk-column-wrapper stk-block-column__content stk-container stk-60a80d8-container stk--no-background stk--no-padding\"><div class=\"stk-block-content stk-inner-blocks\">\n<div class=\"wp-block-stackable-columns stk-block-columns stk-block stk-a3cbf91\" data-block-id=\"a3cbf91\"><style>.stk-a3cbf91{padding-top:0px !important;padding-right:0px !important;padding-bottom:0px !important;padding-left:0px !important;margin-top:0px !important;margin-bottom:0px !important}<\/style><div class=\"stk-row stk-inner-blocks stk-block-content stk-content-align stk-a3cbf91-column\">\n<div class=\"wp-block-stackable-column stk-block-column stk-column stk-block stk-a62ca7e\" data-block-id=\"a62ca7e\"><style>.stk-a62ca7e{padding-top:0px !important;padding-right:0px !important;padding-bottom:0px !important;padding-left:0px !important}<\/style><div class=\"stk-column-wrapper stk-block-column__content stk-container stk-a62ca7e-container stk--no-background stk--no-padding\"><div class=\"stk-block-content stk-inner-blocks\">\n<div class=\"wp-block-stackable-columns full-width tab-col stk-block-columns stk-block stk-c43ef94\" data-block-id=\"c43ef94\"><style>.stk-c43ef94 .stk--block-align-c43ef94{align-items:flex-start !important}.stk-c43ef94{margin-top:0px !important;margin-bottom:0px !important}.stk-c43ef94-column{--stk-column-gap:30px !important}<\/style><div class=\"stk-row stk-inner-blocks stk--block-align-c43ef94 stk-block-content stk-content-align stk-c43ef94-column\">\n<div class=\"wp-block-stackable-column stk-block-column stk-column stk-block stk-caa299a\" data-block-id=\"caa299a\"><style>@media screen and (min-width:768px){.stk-caa299a{flex:1 1 calc(73% - var(--stk-column-gap,0px) * 1 \/ 2 ) !important}}.stk-caa299a .stk-block-column__content{padding-right:10% !important}@media screen and (max-width:1023px){.stk-caa299a .stk-block-column__content{padding-right:0px !important}}.stk-caa299a-container{margin-top:0px !important;margin-right:0px !important;margin-bottom:0px !important;margin-left:0px !important}<\/style><div class=\"stk-column-wrapper stk-block-column__content stk-container stk-caa299a-container stk--no-background stk--no-padding\"><div class=\"stk-block-content stk-inner-blocks\"><div class=\"project-title\">\n\t<div class=\"project-number\">\n\t\t<p>\n\t\t\tProjekts \u2116 1.2.1.4\/18\/A\/014\t\t<\/p>\n\t<\/div>\n\t<div class=\"project-name\">\n\t\t<h3>\n\t\t\t\u00abEksperimentaluos tehnologejis \u012bv\u012b\u0161ona &#8220;NewFuels&#8221; RSEZ SIA ra\u017e\u016btn\u012b augstas kvalitatis granulu izgatavuo\u0161anai\u00bb\t\t<\/h3>\n\t<\/div>\n<\/div>\n<div class=\"project-content\">\n\t\n<div class=\"wp-block-stackable-columns stk-block-columns stk--hide-desktop stk--hide-tablet stk-block stk-fbf5683\" data-block-id=\"fbf5683\"><style>.stk-fbf5683-column{--stk-column-gap:40px !important}@media screen and (max-width:1023px){.stk-fbf5683-column{row-gap:40px !important}}<\/style><div class=\"stk-row stk-inner-blocks stk-block-content stk-content-align stk-fbf5683-column\">\n<div class=\"wp-block-stackable-column stk-block-column stk-block-column--v3 stk-column stk-block-column--v2 stk-block stk-ba205ac\" data-block-id=\"ba205ac\"><style>.stk-ba205ac-container{max-width:357px !important;margin-right:0px !important;margin-left:0px !important;margin-top:0px !important;margin-bottom:0px !important}<\/style><div class=\"stk-column-wrapper stk-block-column__content stk-container stk-ba205ac-container stk--no-background stk--no-padding\"><div class=\"stk-block-content stk-inner-blocks stk-ba205ac-inner-blocks\">\n<div class=\"wp-block-stackable-text stk-block-text stk-block stk-566d9c6\" id=\"3-040-764-93-\u20ac\" data-block-id=\"566d9c6\"><style>.stk-566d9c6 .stk-block-text__text{color:#92b124 !important}<\/style><p class=\"stk-block-text__text has-text-color\">23.11.2018<\/p><\/div>\n\n\n\n<div class=\"wp-block-stackable-image stk-block-image stk-block stk-148f3e0\" data-block-id=\"148f3e0\"><figure class=\"stk-img-wrapper stk-image--shape-stretch\"><img loading=\"lazy\" decoding=\"async\" class=\"stk-img wp-image-549\" src=\"https:\/\/newfuels.eu\/wp-content\/uploads\/2022\/04\/project-logo-1.jpg\" width=\"714\" height=\"148\" alt=\"\" title=\"\" srcset=\"https:\/\/newfuels.eu\/wp-content\/uploads\/2022\/04\/project-logo-1.jpg 714w, https:\/\/newfuels.eu\/wp-content\/uploads\/2022\/04\/project-logo-1-300x62.jpg 300w\" sizes=\"auto, (max-width: 714px) 100vw, 714px\"><\/figure><\/div>\n\n\n\n<div class=\"wp-block-stackable-text stk-block-text stk-block stk-61f1725\" data-block-id=\"61f1725\"><p class=\"stk-block-text__text\">Paraksteits leigums ar Centr\u0101l\u016b finan\u0161u un leiguma a\u0123enturu par ERAF projekta \u201cEksperimentaluos tehnologejis \u012bv\u012b\u0161ona &#8220;NewFuels&#8221; RSEZ SIA ra\u017e\u016btn\u0113 augstys kvalitatis granulu izgatavo\u0161anai\u201d eistynuo\u0161onu.<\/p><\/div>\n<\/div><\/div><\/div>\n\n\n\n<div class=\"wp-block-stackable-column stk-block-column stk-block-column--v3 stk-column stk-block-column--v2 stk-block stk-aad7638\" data-block-id=\"aad7638\"><style>.stk-aad7638-container{max-width:357px !important;margin-right:0px !important;margin-left:0px !important;margin-top:0px !important;margin-bottom:0px !important}<\/style><div class=\"stk-column-wrapper stk-block-column__content stk-container stk-aad7638-container stk--no-background stk--no-padding\"><div class=\"stk-block-content stk-inner-blocks stk-aad7638-inner-blocks\">\n<div class=\"wp-block-stackable-text stk-block-text stk-block stk-3e57a80\" id=\"3-040-764-93-\u20ac\" data-block-id=\"3e57a80\"><style>.stk-3e57a80 .stk-block-text__text{color:#92b124 !important}<\/style><p class=\"stk-block-text__text has-text-color\">01.03.2019<\/p><\/div>\n\n\n\n<div class=\"wp-block-stackable-text stk-block-text stk-block stk-caee498\" data-block-id=\"caee498\"><p class=\"stk-block-text__text\">&#8220;NewFuels&#8221; RSEZ SIA ir veiksmeigi pabeigusi ERAF projektu.<\/p><\/div>\n\n\n\n<p>Ir \u012bv\u012bsts jauns tehnologiskais process, kas sastuov nu divom l\u012bnejom; veiksmeigi ir iztur\u0101ta test\u0113\u0161ona, struodoj\u016bt ar 100% jaudu. Jaunuo tehnologeja \u013cuovuse \u012bv\u012bst ra\u017euo\u0161an\u0101 jaunu produktu \u2013 Premium klasis granulas ar palnu saturu zam 0,7%.<\/p>\n<\/div><\/div><\/div>\n<\/div><\/div>\n\n\n\n<div class=\"wp-block-stackable-columns stk-block-columns stk-block stk-c6a3d01\" data-block-id=\"c6a3d01\"><style>.stk-c6a3d01{margin-bottom:50px !important}.stk-c6a3d01-column{row-gap:20px !important}<\/style><div class=\"stk-row stk-inner-blocks stk-block-content stk-content-align stk-c6a3d01-column\">\n<div class=\"wp-block-stackable-column stk-block-column stk-block-column--v3 stk-column stk-block-column--v2 stk-block stk-360b0a7\" data-block-id=\"360b0a7\"><style>.stk-360b0a7-container{margin-top:0px !important;margin-right:0px !important;margin-bottom:0px !important;margin-left:0px !important}<\/style><div class=\"stk-column-wrapper stk-block-column__content stk-container stk-360b0a7-container stk--no-background stk--no-padding\"><div class=\"stk-block-content stk-inner-blocks stk-360b0a7-inner-blocks\">\n<div class=\"wp-block-stackable-heading stk-block-heading stk-block-heading--v2 stk-block stk-06690e2\" id=\"3-040-764-93-\u20ac\" data-block-id=\"06690e2\"><style>.stk-06690e2 .stk-block-heading__text{color:#92b124 !important}<\/style><h3 class=\"stk-block-heading__text has-text-color stk-block-heading--use-theme-margins\">3 040 764,93 \u20ac<\/h3><\/div>\n\n\n\n<div class=\"wp-block-stackable-text stk-block-text stk-block stk-19b888f\" data-block-id=\"19b888f\"><style>.stk-19b888f{max-width:190px !important}<\/style><p class=\"stk-block-text__text\">Projekta k\u016bpejuos izmoksys sastuoda<\/p><\/div>\n<\/div><\/div><\/div>\n\n\n\n<div class=\"wp-block-stackable-column stk-block-column stk-block-column--v3 stk-column stk-block-column--v2 stk-block stk-c15aa65\" data-block-id=\"c15aa65\"><style>.stk-c15aa65-container{margin-top:0px !important;margin-right:0px !important;margin-bottom:0px !important;margin-left:0px !important}<\/style><div class=\"stk-column-wrapper stk-block-column__content stk-container stk-c15aa65-container stk--no-background stk--no-padding\"><div class=\"stk-block-content stk-inner-blocks stk-c15aa65-inner-blocks\">\n<div class=\"wp-block-stackable-heading stk-block-heading stk-block-heading--v2 stk-block stk-11ae7df\" id=\"2-073-826-00-\u20ac\" data-block-id=\"11ae7df\"><style>.stk-11ae7df .stk-block-heading__text{color:#92b124 !important}<\/style><h3 class=\"stk-block-heading__text has-text-color stk-block-heading--use-theme-margins\">2 073 826,00 \u20ac<\/h3><\/div>\n\n\n\n<div class=\"wp-block-stackable-text stk-block-text stk-block stk-d8c58e0\" data-block-id=\"d8c58e0\"><style>.stk-d8c58e0{max-width:240px !important}<\/style><p class=\"stk-block-text__text\">Projekta att\u012bcynomuos izmoksys sastuoda<\/p><\/div>\n<\/div><\/div><\/div>\n\n\n\n<div class=\"wp-block-stackable-column stk-block-column stk-block-column--v3 stk-column stk-block-column--v2 stk-block stk-b8d051c\" data-block-id=\"b8d051c\"><style>.stk-b8d051c-container{margin-top:0px !important;margin-right:0px !important;margin-bottom:0px !important;margin-left:0px !important}<\/style><div class=\"stk-column-wrapper stk-block-column__content stk-container stk-b8d051c-container stk--no-background stk--no-padding\"><div class=\"stk-block-content stk-inner-blocks stk-b8d051c-inner-blocks\">\n<div class=\"wp-block-stackable-heading stk-block-heading stk-block-heading--v2 stk-block stk-3bf7531\" id=\"933-221-70-\u20ac\" data-block-id=\"3bf7531\"><style>.stk-3bf7531 .stk-block-heading__text{color:#92b124 !important}<\/style><h3 class=\"stk-block-heading__text has-text-color stk-block-heading--use-theme-margins\">933 221,70 \u20ac<\/h3><\/div>\n\n\n\n<div class=\"wp-block-stackable-text stk-block-text stk-block stk-31fca74\" data-block-id=\"31fca74\"><p class=\"stk-block-text__text\">ERAF finansiejums<\/p><\/div>\n<\/div><\/div><\/div>\n<\/div><\/div>\n\n\n\n<div class=\"wp-block-stackable-text stk-block-text stk-block stk-2467b33\" data-block-id=\"2467b33\"><p class=\"stk-block-text__text\">Projekta mierkis ir veicynuot &#8220;NewFuels&#8221; RSEZ SIA produktivitatis un konkur\u0113tspiejis paaugstynuo\u0161onu, byutiski modernizej\u016bt ra\u017euo\u0161onys tehnologeji, kas \u013caus ra\u017euot jaunu produktu: A1 klasis premium granulas, kai ari palelynoj\u016bt uzn\u0101muma \u012bgu\u013cdiejumus pietn\u012bceib\u0101, atteisteib\u0101 i inovacejuos atbylst\u016b\u0161i V\u012bduos specializacejis strategejai, rodut v\u012bnu jaunu pietn\u012bceibas I atteisteibas dorbav\u012btu.<\/p><\/div>\n\n\n\n<div class=\"wp-block-stackable-text stk-block-text stk-block stk-cb70555\" data-block-id=\"cb70555\"><style>.stk-cb70555{margin-bottom:50px !important}<\/style><p class=\"stk-block-text__text\">Modernizacejis process paradz \u012bv\u012bst jaunu tehnologisk\u016b procesu, kas sastuov no divom l\u012bnejom:<br>1) Eksperimentaluo inovativuo l\u012bneja syltuma \u012bgiu\u0161onai jauna produkta ra\u017euo\u0161anai, izmontoj\u016bt kurynojamu ar augstu palnu saturu.<br>2) Jaunuo produkta n\u016bgatovynuo\u0161onys\/kondensacejis tehnologisk\u016b \u012bkuortu komplekss.<\/p><\/div>\n\n\n\n<div class=\"wp-block-stackable-columns stk-block-columns stk--hide-mobile stk-block stk-40de131\" data-block-id=\"40de131\"><style>.stk-40de131-column{--stk-column-gap:40px !important}@media screen and (max-width:1023px){.stk-40de131-column{row-gap:20px !important}}<\/style><div class=\"stk-row stk-inner-blocks stk-block-content stk-content-align stk-40de131-column\">\n<div class=\"wp-block-stackable-column stk-block-column stk-block-column--v3 stk-column stk-block-column--v2 stk-block stk-34b540a\" data-block-id=\"34b540a\"><style>.stk-34b540a-container{max-width:357px !important;margin-right:0px !important;margin-left:0px !important;margin-top:0px !important;margin-bottom:0px !important}<\/style><div class=\"stk-column-wrapper stk-block-column__content stk-container stk-34b540a-container stk--no-background stk--no-padding\"><div class=\"stk-block-content stk-inner-blocks stk-34b540a-inner-blocks\">\n<div class=\"wp-block-stackable-text stk-block-text stk-block stk-8244883\" id=\"3-040-764-93-\u20ac\" data-block-id=\"8244883\"><style>.stk-8244883 .stk-block-text__text{color:#92b124 !important}<\/style><p class=\"stk-block-text__text has-text-color\">23.11.2018<\/p><\/div>\n\n\n\n<div class=\"wp-block-stackable-image stk-block-image stk-block stk-4934838\" data-block-id=\"4934838\"><figure class=\"stk-img-wrapper stk-image--shape-stretch\"><img loading=\"lazy\" decoding=\"async\" class=\"stk-img wp-image-549\" src=\"https:\/\/newfuels.eu\/wp-content\/uploads\/2022\/04\/project-logo-1.jpg\" width=\"714\" height=\"148\" alt=\"\" title=\"\" srcset=\"https:\/\/newfuels.eu\/wp-content\/uploads\/2022\/04\/project-logo-1.jpg 714w, https:\/\/newfuels.eu\/wp-content\/uploads\/2022\/04\/project-logo-1-300x62.jpg 300w\" sizes=\"auto, (max-width: 714px) 100vw, 714px\"><\/figure><\/div>\n\n\n\n<div class=\"wp-block-stackable-text stk-block-text stk-block stk-35c291a\" data-block-id=\"35c291a\"><p class=\"stk-block-text__text\">Paraksteits leigums ar Centr\u0101l\u016b finan\u0161u un leiguma a\u0123enturu par ERAF projekta \u201cEksperimentaluos tehnologejis \u012bv\u012b\u0161ona &#8220;NewFuels&#8221; RSEZ SIA ra\u017e\u016btn\u0113 augstys kvalitatis granulu izgatavo\u0161anai\u201d eistynuo\u0161onu.<\/p><\/div>\n<\/div><\/div><\/div>\n\n\n\n<div class=\"wp-block-stackable-column stk-block-column stk-block-column--v3 stk-column stk-block-column--v2 stk-block stk-6901bd5\" data-block-id=\"6901bd5\"><style>.stk-6901bd5-container{max-width:357px !important;margin-right:0px !important;margin-left:0px !important;margin-top:0px !important;margin-bottom:0px !important}<\/style><div class=\"stk-column-wrapper stk-block-column__content stk-container stk-6901bd5-container stk--no-background stk--no-padding\"><div class=\"stk-block-content stk-inner-blocks stk-6901bd5-inner-blocks\">\n<div class=\"wp-block-stackable-text stk-block-text stk-block stk-c36a72c\" id=\"3-040-764-93-\u20ac\" data-block-id=\"c36a72c\"><style>.stk-c36a72c .stk-block-text__text{color:#92b124 !important}<\/style><p class=\"stk-block-text__text has-text-color\">01.03.2019<\/p><\/div>\n\n\n\n<div class=\"wp-block-stackable-text stk-block-text stk-block stk-e16058f\" data-block-id=\"e16058f\"><p class=\"stk-block-text__text\">&#8220;NewFuels&#8221; RSEZ SIA ir veiksmeigi pabeigusi ERAF projektu.<\/p><\/div>\n\n\n\n<p>Ir \u012bv\u012bsts jauns tehnologiskais process, kas sastuov nu divom l\u012bnejom; veiksmeigi ir iztur\u0101ta test\u0113\u0161ona, struodoj\u016bt ar 100% jaudu. Jaunuo tehnologeja \u013cuovuse \u012bv\u012bst ra\u017euo\u0161an\u0101 jaunu produktu \u2013 Premium klasis granulas ar palnu saturu zam 0,7%.<\/p>\n<\/div><\/div><\/div>\n<\/div><\/div>\n\n\n\n<div class=\"wp-block-stackable-spacer stk-block-spacer stk--no-padding stk-block stk-6221b95\" data-block-id=\"6221b95\"><style>.stk-6221b95{height:100px !important}@media screen and (max-width:767px){.stk-6221b95{height:0px !important}}<\/style><\/div>\n<\/div>\n<\/div><\/div><\/div>\n\n\n\n<div class=\"wp-block-stackable-column stk-block-column stk-column stk-block stk-1c130ad\" data-block-id=\"1c130ad\"><style>.stk-1c130ad{align-self:flex-start !important}.stk-1c130ad{margin-top:0px !important}@media screen and (min-width:768px){.stk-1c130ad{flex:1 1 calc(27% - var(--stk-column-gap,0px) * 1 \/ 2 ) !important}}.stk-1c130ad-container{margin-top:0px !important;margin-right:0px !important;margin-bottom:0px !important;margin-left:0px !important}<\/style><div class=\"stk-column-wrapper stk-block-column__content stk-container stk-1c130ad-container stk--no-background stk--no-padding\"><div class=\"stk-block-content stk-inner-blocks\">\n<\/div><\/div><\/div>\n<\/div><\/div>\n<\/div><\/div><\/div>\n<\/div><\/div>\n<\/div><\/div><\/div>\n<\/div><\/div>\n","protected":false},"excerpt":{"rendered":"","protected":false},"author":1,"featured_media":0,"parent":2281,"menu_order":0,"comment_status":"closed","ping_status":"closed","template":"newfuels.php","meta":{"_acf_changed":false,"inline_featured_image":false,"pgc_sgb_lightbox_settings":"","footnotes":""},"class_list":["post-2293","page","type-page","status-publish","hentry"],"acf":[],"_links":{"self":[{"href":"https:\/\/newfuels.eu\/lt\/wp-json\/wp\/v2\/pages\/2293","targetHints":{"allow":["GET"]}}],"collection":[{"href":"https:\/\/newfuels.eu\/lt\/wp-json\/wp\/v2\/pages"}],"about":[{"href":"https:\/\/newfuels.eu\/lt\/wp-json\/wp\/v2\/types\/page"}],"author":[{"embeddable":true,"href":"https:\/\/newfuels.eu\/lt\/wp-json\/wp\/v2\/users\/1"}],"replies":[{"embeddable":true,"href":"https:\/\/newfuels.eu\/lt\/wp-json\/wp\/v2\/comments?post=2293"}],"version-history":[{"count":1,"href":"https:\/\/newfuels.eu\/lt\/wp-json\/wp\/v2\/pages\/2293\/revisions"}],"predecessor-version":[{"id":12812,"href":"https:\/\/newfuels.eu\/lt\/wp-json\/wp\/v2\/pages\/2293\/revisions\/12812"}],"up":[{"embeddable":true,"href":"https:\/\/newfuels.eu\/lt\/wp-json\/wp\/v2\/pages\/2281"}],"wp:attachment":[{"href":"https:\/\/newfuels.eu\/lt\/wp-json\/wp\/v2\/media?parent=2293"}],"curies":[{"name":"wp","href":"https:\/\/api.w.org\/{rel}","templated":true}]}}