{"id":12832,"date":"2022-08-15T06:53:45","date_gmt":"2022-08-15T06:53:45","guid":{"rendered":"https:\/\/newfuels.eu\/noteikumi-un-nosacijumi-newfuels\/"},"modified":"2023-05-17T22:24:07","modified_gmt":"2023-05-17T22:24:07","slug":"umovy-vykorystannia-veb-saitu-newfuels","status":"publish","type":"page","link":"https:\/\/newfuels.eu\/uk\/umovy-vykorystannia-veb-saitu-newfuels\/","title":{"rendered":"\u0423\u043c\u043e\u0432\u0438 \u0432\u0438\u043a\u043e\u0440\u0438\u0441\u0442\u0430\u043d\u043d\u044f \u0432\u0435\u0431-\u0441\u0430\u0439\u0442\u0443"},"content":{"rendered":"\n<p><strong>1. \u0417\u0430\u0433\u0430\u043b\u044c\u043d\u0456 \u043f\u043e\u043b\u043e\u0436\u0435\u043d\u043d\u044f, \u0442\u043b\u0443\u043c\u0430\u0447\u0435\u043d\u043d\u044f \u0442\u0435\u0440\u043c\u0456\u043d\u0456\u0432<\/strong><\/p>\n\n\n\n<p>\u0426\u0438\u043c \u0432\u0435\u0431-\u0441\u0430\u0439\u0442\u043e\u043c \u0432\u043e\u043b\u043e\u0434\u0456\u0454 \u0442\u0430 \u043a\u0435\u0440\u0443\u0454 NewFuels RSEZ (\u044e\u0440\u0438\u0434\u0438\u0447\u043d\u0430 \u0430\u0434\u0440\u0435\u0441\u0430: Atbr\u012bvo\u0161anas aleja 169a, R\u0113zekne LV-4604; \u0434\u0430\u043b\u0456 \u0437\u0430 \u0442\u0435\u043a\u0441\u0442\u043e\u043c \u2013 NewFuels RSEZ).<\/p>\n\n\n\n<p>\u0423 \u043a\u043e\u043d\u0442\u0435\u043a\u0441\u0442\u0456 \u0446\u0438\u0445 \u041f\u043e\u043b\u043e\u0436\u0435\u043d\u044c \u0442\u0430 \u0443\u043c\u043e\u0432: \u0441\u043b\u043e\u0432\u0430 \u00ab\u0432\u0438\u00bb \u0442\u0430 \u00ab\u0432\u0430\u0448\u00bb \u0441\u0442\u043e\u0441\u0443\u044e\u0442\u044c\u0441\u044f \u043e\u0441\u0456\u0431, \u044f\u043a\u0456 \u0432\u0456\u0434\u0432\u0456\u0434\u0443\u044e\u0442\u044c \u0446\u0435\u0439 \u0432\u0435\u0431-\u0441\u0430\u0439\u0442 (\u0432\u043a\u043b\u044e\u0447\u0430\u044e\u0447\u0438 \u0442\u0438\u0445, \u0445\u0442\u043e \u0432\u0456\u0434\u0432\u0456\u0434\u0443\u0454 \u0446\u0435\u0439 \u0432\u0435\u0431-\u0441\u0430\u0439\u0442 \u0432\u0456\u0434 \u0456\u043c\u0435\u043d\u0456 \u0456\u043d\u0448\u0438\u0445 \u043e\u0441\u0456\u0431), \u0430 \u0441\u043b\u043e\u0432\u043e \u00ab\u0432\u0435\u0431-\u0441\u0430\u0439\u0442\u00bb \u043e\u0437\u043d\u0430\u0447\u0430\u0454 \u0442\u0430\u043a\u043e\u0436 \u043c\u043e\u0431\u0456\u043b\u044c\u043d\u0443 \u0432\u0435\u0440\u0441\u0456\u044e \u0432\u0435\u0431-\u0441\u0430\u0439\u0442\u0443 \u0442\u0430 \u043c\u043e\u0431\u0456\u043b\u044c\u043d\u0438\u0439 \u0434\u043e\u0434\u0430\u0442\u043e\u043a https:\/\/newfuels.eu.<\/p>\n\n\n\n<p><strong>2. \u0412\u0438\u043a\u043e\u0440\u0438\u0441\u0442\u0430\u043d\u043d\u044f \u0432\u0435\u0431-\u0441\u0430\u0439\u0442\u0443<\/strong><\/p>\n\n\n\n<p>\u0412\u0438\u043a\u043e\u0440\u0438\u0441\u0442\u0430\u043d\u043d\u044f \u0432\u0430\u043c\u0438 \u0446\u044c\u043e\u0433\u043e \u0432\u0435\u0431-\u0441\u0430\u0439\u0442\u0443 \u043e\u0437\u043d\u0430\u0447\u0430\u0454, \u0449\u043e \u0432\u0438 \u0437\u0433\u043e\u0434\u043d\u0456 \u0434\u043e\u0442\u0440\u0438\u043c\u0443\u0432\u0430\u0442\u0438\u0441\u044f \u0446\u0438\u0445 \u041f\u043e\u043b\u043e\u0436\u0435\u043d\u044c \u0442\u0430 \u0443\u043c\u043e\u0432 \u0456 \u0434\u0456\u044f\u0442\u0438 \u0432\u0456\u0434\u043f\u043e\u0432\u0456\u0434\u043d\u043e \u0434\u043e \u043d\u0438\u0445 \u043f\u0440\u0438 \u043e\u0442\u0440\u0438\u043c\u0430\u043d\u043d\u0456 \u0434\u043e\u0441\u0442\u0443\u043f\u0443 \u0434\u043e \u0432\u0435\u0431-\u0441\u0430\u0439\u0442\u0443, \u044f\u043a \u043e\u043f\u0438\u0441\u0430\u043d\u043e \u043d\u0438\u0436\u0447\u0435.<\/p>\n\n\n\n<p>\u042f\u043a\u0449\u043e \u0432\u0438 \u043d\u0435 \u0437\u0433\u043e\u0434\u043d\u0456 \u0437 \u0446\u0438\u043c\u0438 \u043f\u043e\u043b\u043e\u0436\u0435\u043d\u043d\u044f\u043c\u0438 \u0442\u0430 \u0443\u043c\u043e\u0432\u0430\u043c\u0438, \u0432\u0430\u043c \u043d\u0435 \u0434\u043e\u0437\u0432\u043e\u043b\u044f\u0454\u0442\u044c\u0441\u044f \u0456 \u0432\u0438 \u043f\u043e\u0433\u043e\u0434\u0436\u0443\u0454\u0442\u0435\u0441\u044c \u0437 \u0442\u0438\u043c, \u0449\u043e \u043d\u0435 \u0431\u0443\u0434\u0435\u0442\u0435 \u0432\u0438\u043a\u043e\u0440\u0438\u0441\u0442\u043e\u0432\u0443\u0432\u0430\u0442\u0438 \u0430\u0431\u043e \u0432\u0456\u0434\u0432\u0456\u0434\u0443\u0432\u0430\u0442\u0438 \u0446\u0435\u0439 \u0432\u0435\u0431-\u0441\u0430\u0439\u0442.<\/p>\n\n\n\n<p><strong>3. \u0414\u043e\u0437\u0432\u043e\u043b\u0435\u043d\u0435 \u0432\u0438\u043a\u043e\u0440\u0438\u0441\u0442\u0430\u043d\u043d\u044f<\/strong><\/p>\n\n\n\n<p>\u0426\u0435\u0439 \u0432\u0435\u0431-\u0441\u0430\u0439\u0442 \u043f\u0440\u0438\u0437\u043d\u0430\u0447\u0435\u043d\u0438\u0439 \u0432\u0438\u043a\u043b\u044e\u0447\u043d\u043e \u0434\u043b\u044f \u0442\u043e\u0433\u043e, \u0449\u043e\u0431 \u043d\u0430\u0434\u0430\u0442\u0438 \u043c\u043e\u0436\u043b\u0438\u0432\u0456\u0441\u0442\u044c \u043f\u0435\u0440\u0435\u0433\u043b\u044f\u0434\u0430\u0442\u0438 \u043d\u0430\u044f\u0432\u043d\u0456\u0441\u0442\u044c \u0442\u043e\u0432\u0430\u0440\u0456\u0432 \u0456 \u043f\u043e\u0441\u043b\u0443\u0433 NewFuels RSEZ, \u0430 \u0442\u0430\u043a\u043e\u0436 \u0437\u0432\u2019\u044f\u0437\u0443\u0432\u0430\u0442\u0438\u0441\u044f \u0437 \u043a\u043e\u043c\u043f\u0430\u043d\u0456\u0454\u044e NewFuels RSEZ; \u0432\u0438\u043a\u043e\u0440\u0438\u0441\u0442\u0430\u043d\u043d\u044f \u0432\u0435\u0431-\u0441\u0430\u0439\u0442\u0443 \u0437 \u0456\u043d\u0448\u043e\u044e \u043c\u0435\u0442\u043e\u044e \u043d\u0435 \u0434\u043e\u043f\u0443\u0441\u043a\u0430\u0454\u0442\u044c\u0441\u044f.<\/p>\n\n\n\n<p>\u0412\u0438 \u043c\u0430\u0454\u0442\u0435 \u043f\u0440\u0430\u0432\u043e \u0432\u0438\u043a\u043e\u0440\u0438\u0441\u0442\u043e\u0432\u0443\u0432\u0430\u0442\u0438 \u0446\u0435\u0439 \u0432\u0435\u0431-\u0441\u0430\u0439\u0442 \u0432\u0438\u043a\u043b\u044e\u0447\u043d\u043e \u0432\u0456\u0434\u043f\u043e\u0432\u0456\u0434\u043d\u043e \u0434\u043e \u0446\u0438\u0445 \u041f\u043e\u043b\u043e\u0436\u0435\u043d\u044c \u0442\u0430 \u0443\u043c\u043e\u0432 \u0456 \u043b\u0438\u0448\u0435 \u0432 \u0441\u0432\u043e\u0457\u0445 \u043e\u0441\u043e\u0431\u0438\u0441\u0442\u0438\u0445 \u043d\u0435\u043a\u043e\u043c\u0435\u0440\u0446\u0456\u0439\u043d\u0438\u0445 \u0446\u0456\u043b\u044f\u0445.<\/p>\n\n\n\n<p>\u0417\u043e\u043a\u0440\u0435\u043c\u0430, \u0432\u0430\u043c \u043d\u0435 \u0434\u043e\u0437\u0432\u043e\u043b\u044f\u0454\u0442\u044c\u0441\u044f:<\/p>\n\n\n\n<p>\u0417\u043e\u043a\u0440\u0435\u043c\u0430, \u0432\u0430\u043c \u043d\u0435 \u0434\u043e\u0437\u0432\u043e\u043b\u044f\u0454\u0442\u044c\u0441\u044f:<\/p>\n\n\n\n<p>\u0431\u0435\u0437 \u043e\u0442\u0440\u0438\u043c\u0430\u043d\u043d\u044f \u043f\u043e\u043f\u0435\u0440\u0435\u0434\u043d\u044c\u043e\u0433\u043e \u043f\u0438\u0441\u044c\u043c\u043e\u0432\u043e\u0433\u043e \u0434\u043e\u0437\u0432\u043e\u043b\u0443 NewFuels RSEZ \u0432\u0438\u043a\u043e\u0440\u0438\u0441\u0442\u043e\u0432\u0443\u0432\u0430\u0442\u0438 \u0430\u0432\u0442\u043e\u043c\u0430\u0442\u0438\u0437\u043e\u0432\u0430\u043d\u0456 \u0441\u0438\u0441\u0442\u0435\u043c\u0438, \u0430\u043b\u0433\u043e\u0440\u0438\u0442\u043c\u0438 \u0430\u0431\u043e \u043f\u0440\u043e\u0433\u0440\u0430\u043c\u0438 \u0434\u043b\u044f \u0432\u0456\u0434\u0441\u0442\u0435\u0436\u0435\u043d\u043d\u044f, \u0432\u0438\u043b\u0443\u0447\u0435\u043d\u043d\u044f, \u043f\u043e\u0448\u0443\u043a\u0443 \u0430\u0431\u043e \u043a\u043e\u043f\u0456\u044e\u0432\u0430\u043d\u043d\u044f \u0431\u0443\u0434\u044c-\u044f\u043a\u043e\u0433\u043e \u043c\u0430\u0442\u0435\u0440\u0456\u0430\u043b\u0443 \u0430\u0431\u043e \u0434\u0430\u043d\u0438\u0445 (\u043f\u043e\u0432\u043d\u0456\u0441\u0442\u044e \u0430\u0431\u043e \u0447\u0430\u0441\u0442\u043a\u043e\u0432\u043e), \u044f\u043a\u0456 \u043e\u0434\u0435\u0440\u0436\u0443\u044e\u0442\u044c \u0437\u0430 \u0434\u043e\u043f\u043e\u043c\u043e\u0433\u043e\u044e \u0446\u044c\u043e\u0433\u043e \u0432\u0435\u0431-\u0441\u0430\u0439\u0442\u0443 (\u00ab\u0430\u043d\u0430\u043b\u0456\u0437 \u0435\u043a\u0440\u0430\u043d\u043d\u0438\u0445 \u0434\u0430\u043d\u0438\u0445\u00bb);<\/p>\n\n\n\n<p>\u0432\u0438\u043a\u043e\u0440\u0438\u0441\u0442\u043e\u0432\u0443\u0432\u0430\u0442\u0438 \u0431\u0443\u0434\u044c-\u044f\u043a\u0435 \u043f\u0440\u043e\u0433\u0440\u0430\u043c\u043d\u0435 \u0437\u0430\u0431\u0435\u0437\u043f\u0435\u0447\u0435\u043d\u043d\u044f, \u043f\u0440\u043e\u0433\u0440\u0430\u043c\u0443 \u0430\u0431\u043e \u043f\u0440\u0438\u0441\u0442\u0440\u0456\u0439 \u0430\u0431\u043e \u0437\u0434\u0456\u0439\u0441\u043d\u044e\u0432\u0430\u0442\u0438 \u0431\u0443\u0434\u044c-\u044f\u043a\u0456 \u0434\u0456\u0457 \u0437 \u043c\u0435\u0442\u043e\u044e \u0432\u0442\u0440\u0443\u0442\u0438\u0442\u0438\u0441\u044f \u0430\u0431\u043e \u0441\u043f\u0440\u043e\u0431\u0443\u0432\u0430\u0442\u0438 \u0432\u0442\u0440\u0443\u0442\u0438\u0442\u0438\u0441\u044f \u0432 \u0440\u043e\u0431\u043e\u0442\u0443 \u0446\u044c\u043e\u0433\u043e \u0432\u0435\u0431-\u0441\u0430\u0439\u0442\u0443 \u0430\u0431\u043e \u0441\u0442\u0432\u043e\u0440\u044e\u0432\u0430\u0442\u0438 (\u043d\u0430\u0432\u043c\u0438\u0441\u043d\u043e \u0430\u0431\u043e \u043d\u0435\u043d\u0430\u0432\u043c\u0438\u0441\u043d\u043e) \u043d\u0435\u0432\u0438\u043f\u0440\u0430\u0432\u0434\u0430\u043d\u0456 \u043d\u0430\u0434\u043c\u0456\u0440\u043d\u0456 \u043d\u0430\u0432\u0430\u043d\u0442\u0430\u0436\u0435\u043d\u043d\u044f \u0434\u043b\u044f \u0432\u0435\u0431-\u0441\u0430\u0439\u0442\u0443; <\/p>\n\n\n\n<p>\u043d\u0430\u043c\u0430\u0433\u0430\u0442\u0438\u0441\u044f \u043e\u0442\u0440\u0438\u043c\u0430\u0442\u0438 \u0430\u0431\u043e \u043e\u0442\u0440\u0438\u043c\u0443\u0432\u0430\u0442\u0438 \u043d\u0435\u0441\u0430\u043d\u043a\u0446\u0456\u043e\u043d\u043e\u0432\u0430\u043d\u0438\u0439 \u0434\u043e\u0441\u0442\u0443\u043f \u0434\u043e \u0431\u0443\u0434\u044c-\u044f\u043a\u0438\u0445 \u043c\u0435\u0440\u0435\u0436 \u0430\u0431\u043e \u043e\u0431\u043b\u0456\u043a\u043e\u0432\u0438\u0445 \u0437\u0430\u043f\u0438\u0441\u0456\u0432 NewFuels RSEZ \u0430\u0431\u043e \u0434\u043e \u0456\u043d\u0444\u043e\u0440\u043c\u0430\u0446\u0456\u0457 \u043f\u0440\u043e \u0456\u043d\u0448\u0438\u0445 \u043a\u043e\u0440\u0438\u0441\u0442\u0443\u0432\u0430\u0447\u0456\u0432; \u0430\u0431\u043e<\/p>\n\n\n\n<p>\u0440\u043e\u0437\u043c\u0456\u0449\u0443\u0432\u0430\u0442\u0438 \u043f\u043e\u0441\u0438\u043b\u0430\u043d\u043d\u044f \u043d\u0430 \u0446\u0435\u0439 \u0432\u0435\u0431-\u0441\u0430\u0439\u0442 \u0431\u0435\u0437 \u043e\u0442\u0440\u0438\u043c\u0430\u043d\u043d\u044f \u043f\u043e\u043f\u0435\u0440\u0435\u0434\u043d\u044c\u043e\u0433\u043e \u043f\u0438\u0441\u044c\u043c\u043e\u0432\u043e\u0433\u043e \u0434\u043e\u0437\u0432\u043e\u043b\u0443 NewFuels RSEZ.<\/p>\n\n\n\n<p>\u0423 \u0440\u0430\u0437\u0456 \u043f\u043e\u0440\u0443\u0448\u0435\u043d\u043d\u044f \u0432\u0430\u043c\u0438 \u0446\u0438\u0445 \u041f\u043e\u043b\u043e\u0436\u0435\u043d\u044c \u0442\u0430 \u0443\u043c\u043e\u0432 NewFuels RSEZ \u0431\u0435\u0437 \u0448\u043a\u043e\u0434\u0438 \u0434\u043b\u044f \u0456\u043d\u0448\u0438\u0445 \u0441\u0432\u043e\u0457\u0445 \u043f\u0440\u0430\u0432 \u043c\u043e\u0436\u0435 \u0430\u043d\u0443\u043b\u044e\u0432\u0430\u0442\u0438 \u0432\u0430\u0448\u0456 \u0437\u0430\u044f\u0432\u043a\u0438 \u0442\u0430 \u043f\u043e\u043a\u0443\u043f\u043a\u0438 \u0431\u0435\u0437 \u043f\u043e\u043f\u0435\u0440\u0435\u0434\u0436\u0435\u043d\u043d\u044f; \u0442\u0430\/\u0430\u0431\u043e \u0432\u0456\u0434\u043c\u043e\u0432\u0438\u0442\u0438 \u0432\u0430\u043c \u0443 \u0434\u043e\u0441\u0442\u0443\u043f\u0456 \u0434\u043e \u0432\u0435\u0431-\u0441\u0430\u0439\u0442\u0443 \u0430\u0431\u043e \u0437\u0430\u0431\u043b\u043e\u043a\u0443\u0432\u0430\u0442\u0438 \u0439\u043e\u0433\u043e; \u0430\u0431\u043e \u0432\u0441\u0442\u0430\u043d\u043e\u0432\u0438\u0442\u0438 \u043e\u0441\u043e\u0431\u043b\u0438\u0432\u0456 \u0443\u043c\u043e\u0432\u0438 \u0449\u043e\u0434\u043e \u0434\u043e\u0441\u0442\u0443\u043f\u0443 \u0434\u043e \u0446\u044c\u043e\u0433\u043e \u0432\u0435\u0431-\u0441\u0430\u0439\u0442\u0443 \u0430\u0431\u043e \u0439\u043e\u0433\u043e \u0432\u0438\u043a\u043e\u0440\u0438\u0441\u0442\u0430\u043d\u043d\u044f.<\/p>\n\n\n\n<p><strong>4. \u041f\u0440\u0430\u0432\u0430 \u0432\u043b\u0430\u0441\u043d\u043e\u0441\u0442\u0456<\/strong><\/p>\n\n\n\n<p>\u0429\u043e\u0434\u043e \u0431\u0443\u0434\u044c-\u044f\u043a\u043e\u0457 \u0456\u043d\u0444\u043e\u0440\u043c\u0430\u0446\u0456\u0457, \u0434\u0430\u043d\u0438\u0445 \u0442\u0430 \u043c\u0430\u0442\u0435\u0440\u0456\u0430\u043b\u0456\u0432, \u043f\u0440\u0438\u0441\u0443\u0442\u043d\u0456\u0445 \u043d\u0430 \u0446\u044c\u043e\u043c\u0443 \u0432\u0435\u0431-\u0441\u0430\u0439\u0442\u0456 (\u0432\u043a\u043b\u044e\u0447\u0430\u044e\u0447\u0438 \u0442\u0430\u043a\u043e\u0436 \u0431\u0443\u0434\u044c-\u044f\u043a\u0456 \u043b\u043e\u0433\u043e\u0442\u0438\u043f\u0438, \u0437\u043e\u0432\u043d\u0456\u0448\u043d\u0456\u0439 \u0432\u0438\u0433\u043b\u044f\u0434, \u0441\u0442\u0440\u0443\u043a\u0442\u0443\u0440\u0443, \u043a\u043e\u043b\u0456\u0440\u043d\u0443 \u0441\u0445\u0435\u043c\u0443 \u0442\u0430 \u043c\u0430\u043a\u0435\u0442 \u0446\u044c\u043e\u0433\u043e \u0432\u0435\u0431-\u0441\u0430\u0439\u0442\u0443, \u043f\u0440\u043e\u0433\u0440\u0430\u043c\u043d\u0438\u0439 \u043a\u043e\u0434, \u043e\u0441\u043d\u043e\u0432\u043d\u0456 \u0434\u0430\u043d\u0456 \u0442\u0430 \u0431\u0430\u0437\u0443 \u0434\u0430\u043d\u0438\u0445) \u0434\u0456\u044e\u0442\u044c \u043f\u0440\u0430\u0432\u0430 \u043d\u0430 \u0442\u043e\u0440\u0433\u043e\u0432\u0456 \u0437\u043d\u0430\u043a\u0438 , \u0430\u0432\u0442\u043e\u0440\u0441\u044c\u043a\u0456 \u043f\u0440\u0430\u0432\u0430, \u043f\u0440\u0430\u0432\u0430 \u043d\u0430 \u0431\u0430\u0437\u0438 \u0434\u0430\u043d\u0438\u0445 \u0442\u0430\/\u0430\u0431\u043e \u0456\u043d\u0448\u0456 \u0437\u0430\u0440\u0435\u0454\u0441\u0442\u0440\u043e\u0432\u0430\u043d\u0456 \u0447\u0438 \u043d\u0435\u0437\u0430\u0440\u0435\u0454\u0441\u0442\u0440\u043e\u0432\u0430\u043d\u0456 \u043f\u0440\u0430\u0432\u0430 \u043d\u0430 \u043e\u0431\u2019\u0454\u043a\u0442\u0438 \u0456\u043d\u0442\u0435\u043b\u0435\u043a\u0442\u0443\u0430\u043b\u044c\u043d\u043e\u0457 \u0432\u043b\u0430\u0441\u043d\u043e\u0441\u0442\u0456. \u0411\u0443\u0434\u044c-\u044f\u043a\u0435 \u0432\u0438\u043a\u043e\u0440\u0438\u0441\u0442\u0430\u043d\u043d\u044f \u0430\u0431\u043e \u0432\u0456\u0434\u0442\u0432\u043e\u0440\u0435\u043d\u043d\u044f \u0456\u043d\u0444\u043e\u0440\u043c\u0430\u0446\u0456\u0457, \u0434\u0430\u043d\u0438\u0445 \u0430\u0431\u043e \u043c\u0430\u0442\u0435\u0440\u0456\u0430\u043b\u0456\u0432, \u043f\u0440\u0435\u0434\u0441\u0442\u0430\u0432\u043b\u0435\u043d\u0438\u0445 \u043d\u0430 \u0446\u044c\u043e\u043c\u0443 \u0432\u0435\u0431-\u0441\u0430\u0439\u0442\u0456, \u043a\u0440\u0456\u043c \u0434\u043e\u0437\u0432\u043e\u043b\u0435\u043d\u043e\u0433\u043e \u0432\u0438\u043a\u043e\u0440\u0438\u0441\u0442\u0430\u043d\u043d\u044f \u0432 \u043e\u0441\u043e\u0431\u0438\u0441\u0442\u0438\u0445 \u043d\u0435\u043a\u043e\u043c\u0435\u0440\u0446\u0456\u0439\u043d\u0438\u0445 \u0446\u0456\u043b\u044f\u0445, \u043d\u0435 \u0434\u043e\u043f\u0443\u0441\u043a\u0430\u0454\u0442\u044c\u0441\u044f \u0456 \u0432\u0432\u0430\u0436\u0430\u0442\u0438\u043c\u0435\u0442\u044c\u0441\u044f \u043f\u043e\u0440\u0443\u0448\u0435\u043d\u043d\u044f\u043c \u0446\u0438\u0445 \u041f\u043e\u043b\u043e\u0436\u0435\u043d\u044c \u0442\u0430 \u0443\u043c\u043e\u0432, \u0430 \u0442\u0430\u043a\u043e\u0436 \u043c\u043e\u0436\u0435 \u043f\u043e\u0440\u0443\u0448\u0438\u0442\u0438 \u043f\u0440\u0430\u0432\u0430 \u043d\u0430 \u043e\u0431\u2019\u0454\u043a\u0442\u0438 \u0456\u043d\u0442\u0435\u043b\u0435\u043a\u0442\u0443\u0430\u043b\u044c\u043d\u043e\u0457 \u0432\u043b\u0430\u0441\u043d\u043e\u0441\u0442\u0456 NewFuels RSEZ \u0430\u0431\u043e \u0457\u0457 \u043b\u0456\u0446\u0435\u043d\u0437\u0456\u0430\u0440\u0456\u0432.<\/p>\n\n\n\n<p><strong>5. \u041e\u0431\u043c\u0435\u0436\u0435\u043d\u043d\u044f \u0432\u0456\u0434\u043f\u043e\u0432\u0456\u0434\u0430\u043b\u044c\u043d\u043e\u0441\u0442\u0456<\/strong><\/p>\n\n\n\n<p>NewFuels RSEZ \u043d\u0435 \u043d\u0435\u0441\u0435 \u0432\u0456\u0434\u043f\u043e\u0432\u0456\u0434\u0430\u043b\u044c\u043d\u043e\u0441\u0442\u0456 \u0437\u0430 \u0431\u0443\u0434\u044c-\u044f\u043a\u0456 \u043f\u0440\u044f\u043c\u0456, \u043d\u0435\u043f\u0440\u044f\u043c\u0456, \u0444\u0430\u043a\u0442\u0438\u0447\u043d\u0456, \u043a\u0430\u0440\u0430\u043b\u044c\u043d\u0456 \u0430\u0431\u043e \u043f\u043e\u0434\u0430\u043b\u044c\u0448\u0456 \u0437\u0431\u0438\u0442\u043a\u0438 \u0430\u0431\u043e \u0432\u0442\u0440\u0430\u0442\u0438 \u0431\u0443\u0434\u044c-\u044f\u043a\u043e\u0433\u043e \u0440\u043e\u0434\u0443, \u0449\u043e \u0432\u0438\u043d\u0438\u043a\u0430\u044e\u0442\u044c \u0432\u043d\u0430\u0441\u043b\u0456\u0434\u043e\u043a \u0432\u0438\u043a\u043e\u0440\u0438\u0441\u0442\u0430\u043d\u043d\u044f \u0446\u044c\u043e\u0433\u043e \u0432\u0435\u0431-\u0441\u0430\u0439\u0442\u0443 \u0430\u0431\u043e \u0431\u0443\u0434\u044c-\u044f\u043a\u043e\u0457 \u0456\u043d\u0444\u043e\u0440\u043c\u0430\u0446\u0456\u0457, \u043f\u0440\u0435\u0434\u0441\u0442\u0430\u0432\u043b\u0435\u043d\u043e\u0457 \u043d\u0430 \u043d\u044c\u043e\u043c\u0443.<\/p>\n\n\n\n<p><strong>6. \u0420\u0435\u0433\u0443\u043b\u044e\u044e\u0447\u0435 \u043f\u0440\u0430\u0432\u043e \u0442\u0430 \u044e\u0440\u0438\u0441\u0434\u0438\u043a\u0446\u0456\u044f<\/strong><\/p>\n\n\n\n<p>\u0426\u0456 \u041f\u043e\u043b\u043e\u0436\u0435\u043d\u043d\u044f \u0442\u0430 \u0443\u043c\u043e\u0432\u0438 \u0432\u0438\u043a\u043e\u0440\u0438\u0441\u0442\u0430\u043d\u043d\u044f \u0446\u044c\u043e\u0433\u043e \u0432\u0435\u0431-\u0441\u0430\u0439\u0442\u0443, \u0430 \u0442\u0430\u043a\u043e\u0436 \u0431\u0443\u0434\u044c-\u044f\u043a\u0456 \u0441\u0443\u043f\u0435\u0440\u0435\u0447\u043a\u0438 \u0430\u0431\u043e \u043f\u0440\u0435\u0442\u0435\u043d\u0437\u0456\u0457, \u0449\u043e \u0432\u0438\u043d\u0438\u043a\u0430\u044e\u0442\u044c \u043d\u0430 \u043f\u0456\u0434\u0441\u0442\u0430\u0432\u0456 \u0430\u0431\u043e \u0443 \u0437\u0432\u2019\u044f\u0437\u043a\u0443 \u0437 \u0446\u0438\u043c, \u0431\u0443\u0434\u0443\u0442\u044c \u0440\u0435\u0433\u0443\u043b\u044e\u0432\u0430\u0442\u0438\u0441\u044f \u0456 \u0442\u043b\u0443\u043c\u0430\u0447\u0438\u0442\u0438\u0441\u044f \u0432\u0456\u0434\u043f\u043e\u0432\u0456\u0434\u043d\u043e \u0434\u043e \u0437\u0430\u043a\u043e\u043d\u043e\u0434\u0430\u0432\u0441\u0442\u0432\u0430 \u041b\u0430\u0442\u0432\u0456\u0439\u0441\u044c\u043a\u043e\u0457 \u0420\u0435\u0441\u043f\u0443\u0431\u043b\u0456\u043a\u0438, \u0430 \u0432\u0438 \u043f\u043e\u0433\u043e\u0434\u0436\u0443\u0454\u0442\u0435\u0441\u044f \u043f\u0456\u0434\u043a\u043e\u0440\u044f\u0442\u0438\u0441\u044f \u0432\u0438\u043d\u044f\u0442\u043a\u043e\u0432\u0456\u0439 \u044e\u0440\u0438\u0441\u0434\u0438\u043a\u0446\u0456\u0457 \u0441\u0443\u0434\u0456\u0432 \u041b\u0430\u0442\u0432\u0456\u0439\u0441\u044c\u043a\u043e\u0457 \u0420\u0435\u0441\u043f\u0443\u0431\u043b\u0456\u043a\u0438. NewFuels RSEZ \u0437\u0431\u0435\u0440\u0456\u0433\u0430\u0454 \u0437\u0430 \u0441\u043e\u0431\u043e\u044e \u043f\u0440\u0430\u0432\u043e \u0432\u0436\u0438\u0432\u0430\u0442\u0438 \u043f\u0440\u043e\u0446\u0435\u0441\u0443\u0430\u043b\u044c\u043d\u0438\u0445 \u0434\u0456\u0439 \u0449\u043e\u0434\u043e \u0431\u0443\u0434\u044c-\u044f\u043a\u043e\u0457 \u0441\u0442\u043e\u0440\u043e\u043d\u0438, \u044f\u043a\u0430 \u043f\u043e\u0440\u0443\u0448\u0438\u043b\u0430 \u0446\u0456 \u041f\u043e\u043b\u043e\u0436\u0435\u043d\u043d\u044f \u0442\u0430 \u0443\u043c\u043e\u0432\u0438 (\u00ab\u043f\u043e\u0440\u0443\u0448\u0443\u044e\u0447\u0430 \u0441\u0442\u043e\u0440\u043e\u043d\u0430\u00bb), \u0443 \u0441\u0443\u0434\u0430\u0445 \u0442\u0456\u0454\u0457 \u043c\u0456\u0441\u0446\u0435\u0432\u043e\u0441\u0442\u0456, \u0434\u0435 \u0431\u0443\u043b\u043e \u0441\u043a\u043e\u0454\u043d\u043e \u043f\u043e\u0440\u0443\u0448\u0435\u043d\u043d\u044f, \u0430\u0431\u043e \u0432 \u0441\u0443\u0434\u0430\u0445 \u043a\u0440\u0430\u0457\u043d\u0438 \u043f\u0440\u043e\u0436\u0438\u0432\u0430\u043d\u043d\u044f \u043f\u043e\u0440\u0443\u0448\u0443\u044e\u0447\u043e\u0457 \u0441\u0442\u043e\u0440\u043e\u043d\u0438 \u043d\u0430 \u043d\u0430\u0448 \u0432\u0438\u043d\u044f\u0442\u043a\u043e\u0432\u0438\u0439 \u0440\u043e\u0437\u0441\u0443\u0434.<\/p>\n\n\n\n<p><strong>7. \u0417\u0430\u0433\u0430\u043b\u044c\u043d\u0456 \u043f\u043e\u043b\u043e\u0436\u0435\u043d\u043d\u044f<\/strong><\/p>\n\n\n\n<p>NewFuels RSEZ \u0437\u0431\u0435\u0440\u0456\u0433\u0430\u0454 \u0437\u0430 \u0441\u043e\u0431\u043e\u044e \u043f\u0440\u0430\u0432\u043e \u0437\u043c\u0456\u043d\u044e\u0432\u0430\u0442\u0438 \u0431\u0443\u0434\u044c-\u044f\u043a\u0443 \u0456\u043d\u0444\u043e\u0440\u043c\u0430\u0446\u0456\u044e \u0430\u0431\u043e \u043c\u0430\u0442\u0435\u0440\u0456\u0430\u043b\u0438, \u0434\u043e\u0441\u0442\u0443\u043f\u043d\u0456 \u043d\u0430 \u0446\u044c\u043e\u043c\u0443 \u0432\u0435\u0431-\u0441\u0430\u0439\u0442\u0456 \u0443 \u0431\u0443\u0434\u044c-\u044f\u043a\u0438\u0439 \u043c\u043e\u043c\u0435\u043d\u0442 \u0431\u0435\u0437 \u043f\u043e\u043f\u0435\u0440\u0435\u0434\u0436\u0435\u043d\u043d\u044f. NewFuels RSEZ \u043c\u043e\u0436\u0435 \u0442\u0430\u043a\u043e\u0436 \u0432\u043d\u043e\u0441\u0438\u0442\u0438 \u0437\u043c\u0456\u043d\u0438 \u0434\u043e \u0446\u0438\u0445 \u041f\u043e\u043b\u043e\u0436\u0435\u043d\u044c \u0442\u0430 \u0443\u043c\u043e\u0432 \u0443 \u0431\u0443\u0434\u044c-\u044f\u043a\u0438\u0439 \u043c\u043e\u043c\u0435\u043d\u0442 \u0431\u0435\u0437 \u043f\u043e\u043f\u0435\u0440\u0435\u0434\u043d\u044c\u043e\u0433\u043e \u043f\u043e\u0432\u0456\u0434\u043e\u043c\u043b\u0435\u043d\u043d\u044f, \u043f\u0440\u0438 \u0446\u044c\u043e\u043c\u0443 \u0437\u043c\u0456\u043d\u0438 \u043d\u0430\u0431\u0443\u0434\u0443\u0442\u044c \u0447\u0438\u043d\u043d\u043e\u0441\u0442\u0456 \u0431\u0435\u0437\u043f\u043e\u0441\u0435\u0440\u0435\u0434\u043d\u044c\u043e \u043f\u0440\u0438 \u0440\u043e\u0437\u043c\u0456\u0449\u0435\u043d\u043d\u0456 \u0437\u043c\u0456\u043d\u0435\u043d\u0438\u0445 \u041f\u043e\u043b\u043e\u0436\u0435\u043d\u044c \u0442\u0430 \u0443\u043c\u043e\u0432 \u043d\u0430 \u0432\u0435\u0431-\u0441\u0430\u0439\u0442\u0456 \u0442\u0430 \u0432\u0432\u0430\u0436\u0430\u044e\u0442\u044c\u0441\u044f \u043f\u0440\u0438\u0439\u043d\u044f\u0442\u0438\u043c\u0438 \u0432\u0430\u043c\u0438, \u044f\u043a\u0449\u043e \u0432\u0438 \u043f\u0440\u043e\u0434\u043e\u0432\u0436\u0443\u0454\u0442\u0435 \u0432\u0438\u043a\u043e\u0440\u0438\u0441\u0442\u043e\u0432\u0443\u0432\u0430\u0442\u0438 \u0446\u0435\u0439 \u0432\u0435\u0431-\u0441\u0430\u0439\u0442.<\/p>\n\n\n\n<p><em>\u0414\u0430\u0442\u0430 \u043e\u0441\u0442\u0430\u043d\u043d\u044c\u043e\u0433\u043e \u043e\u043d\u043e\u0432\u043b\u0435\u043d\u043d\u044f: 25 \u0442\u0440\u0430\u0432\u043d\u044f 2018 \u0440.<\/em><\/p>\n","protected":false},"excerpt":{"rendered":"<p>1. \u0417\u0430\u0433\u0430\u043b\u044c\u043d\u0456 \u043f\u043e\u043b\u043e\u0436\u0435\u043d\u043d\u044f, \u0442\u043b\u0443\u043c\u0430\u0447\u0435\u043d\u043d\u044f \u0442\u0435\u0440\u043c\u0456\u043d\u0456\u0432 \u0426\u0438\u043c \u0432\u0435\u0431-\u0441\u0430\u0439\u0442\u043e\u043c \u0432\u043e\u043b\u043e\u0434\u0456\u0454 \u0442\u0430 \u043a\u0435\u0440\u0443\u0454 NewFuels RSEZ (\u044e\u0440\u0438\u0434\u0438\u0447\u043d\u0430 \u0430\u0434\u0440\u0435\u0441\u0430: Atbr\u012bvo\u0161anas aleja 169a, R\u0113zekne&#8230;<\/p>\n","protected":false},"author":2,"featured_media":0,"parent":0,"menu_order":0,"comment_status":"closed","ping_status":"closed","template":"","meta":{"_acf_changed":false,"inline_featured_image":false,"pgc_sgb_lightbox_settings":"","footnotes":""},"class_list":["post-12832","page","type-page","status-publish","hentry"],"acf":[],"_links":{"self":[{"href":"https:\/\/newfuels.eu\/uk\/wp-json\/wp\/v2\/pages\/12832","targetHints":{"allow":["GET"]}}],"collection":[{"href":"https:\/\/newfuels.eu\/uk\/wp-json\/wp\/v2\/pages"}],"about":[{"href":"https:\/\/newfuels.eu\/uk\/wp-json\/wp\/v2\/types\/page"}],"author":[{"embeddable":true,"href":"https:\/\/newfuels.eu\/uk\/wp-json\/wp\/v2\/users\/2"}],"replies":[{"embeddable":true,"href":"https:\/\/newfuels.eu\/uk\/wp-json\/wp\/v2\/comments?post=12832"}],"version-history":[{"count":1,"href":"https:\/\/newfuels.eu\/uk\/wp-json\/wp\/v2\/pages\/12832\/revisions"}],"predecessor-version":[{"id":12867,"href":"https:\/\/newfuels.eu\/uk\/wp-json\/wp\/v2\/pages\/12832\/revisions\/12867"}],"wp:attachment":[{"href":"https:\/\/newfuels.eu\/uk\/wp-json\/wp\/v2\/media?parent=12832"}],"curies":[{"name":"wp","href":"https:\/\/api.w.org\/{rel}","templated":true}]}}